{"id":119,"date":"2023-04-14T06:01:19","date_gmt":"2023-04-14T06:01:19","guid":{"rendered":"https:\/\/legvartata.hu\/?page_id=119"},"modified":"2025-03-25T13:09:59","modified_gmt":"2025-03-25T13:09:59","slug":"kastely-legvar","status":"publish","type":"page","link":"https:\/\/legvartata.hu\/?page_id=119","title":{"rendered":"Kast\u00e9ly L\u00e9gv\u00e1r"},"content":{"rendered":"\n<p><strong>Kast\u00e9ly cs\u00faszd\u00e1s v\u00e1r<\/strong><\/p>\n\n\n\n<p><strong>Gy\u00f6ny\u00f6r\u0171 \u00e9l\u00e9nk sz\u00ednekkel, t\u00f6bb 3D-s figur\u00e1val d\u00edsz\u00edtve azonnal mag\u00e1ra vonzza mindenki tekintet\u00e9t. Ez a l\u00e9gv\u00e1r igen n\u00e9pszer\u0171 a kisebb \u00e9s nagyobb gyermekek k\u00f6r\u00e9ben is, k\u00f6sz\u00f6nhet\u0151en a t\u00f6bbfunkci\u00f3s kialak\u00edt\u00e1snak: az ugr\u00e1l\u00f3fel\u00fcletnek, cs\u00faszd\u00e1nak, akad\u00e1lyoknak \u00e9s s boxzs\u00e1koknak. Pr\u00f3b\u00e1lj\u00e1k ki ezt klassz j\u00e1t\u00e9kot a lovagok kor\u00e1ban! Val\u00f3ban sz\u00f3rakoztat\u00f3 ugr\u00e1l\u00f3v\u00e1r minden kicsi \u00e9s nagy gyermek sz\u00e1m\u00e1ra!<\/strong><\/p>\n\n\n\n<p><strong>B\u00e9rleti d\u00edja: 32.000Ft\/nap Telephelyi \u00e1tv\u00e9tel est\u00e9n (Viszed-Hozod)<\/strong><\/p>\n\n\n\n<p><strong>Kisz\u00e1ll\u00edt\u00e1s \u00e9s telep\u00edt\u00e9s:<\/strong><\/p>\n\n\n\n<p><strong>Kisz\u00e1ll\u00edtjuk, telep\u00edtj\u00fck \u00e9s r\u00f6gz\u00edtj\u00fck, majd a program v\u00e9g\u00e9n \u00f6sszecsomagoljuk \u00e9s visszasz\u00e1ll\u00edtjuk.<br>10 000 Ft + 100 Ft\/km (Tat\u00e1r\u00f3l 2 x oda-vissza kell sz\u00e1molni).<\/strong><\/p>\n\n\n\n<p><strong>A lefoglalt l\u00e9gv\u00e1rak rossz id\u0151 eset\u00e9n lemondhat\u00f3ak.<\/strong><\/p>\n\n\n\n<p><strong>Az \u00e1rak csak csal\u00e1di rendezv\u00e9nyekre \u00e9s sz\u00fclet\u00e9snapi partikra \u00e9rv\u00e9nyesek. C\u00e9ges \u00e9s k\u00f6z\u00fcleti rendezv\u00e9nyekre, falu napokra k\u00e9rje egyedi aj\u00e1nlatunkat.<\/strong><\/p>\n\n\n\n<p>(Ir\u00e1ny\u00e1r nyilv\u00e1nos rendezv\u00e9nyre 48 000ft Max. 6\u00f3ra id\u0151tartamra, sz\u00e1ll\u00edt\u00e1s \u00e9s fel\u00fcgyelet n\u00e9lk\u00fcl)<\/p>\n\n\n\n<p>Fel\u00fcgyel\u0151 szem\u00e9lyzet 2500ft\/\u00f3ra\/f\u0151<\/p>\n\n\n\n<p>Nagyobb kombi aut\u00f3val vagy ut\u00e1nfut\u00f3val sz\u00e1ll\u00edthat\u00f3.<\/p>\n\n\n\n<ul class=\"wp-block-list\">\n<li><strong>M\u00e9retei:<\/strong>\u00a08 x 4,5 x 5m (H x SZ x M)<\/li>\n\n\n\n<li><strong>Csomag s\u00falya:<\/strong>\u00a0130kg<\/li>\n\n\n\n<li><strong>Anyaga:<\/strong>\u00a0Ponyva<\/li>\n\n\n\n<li><strong>F\u00e9r\u0151hely:<\/strong>\u00a0Egyszerre 10 gyermek haszn\u00e1lhatja<\/li>\n\n\n\n<li><strong>L\u00e9gbef\u00fav\u00f3 motor:<\/strong>\u00a01100W<\/li>\n\n\n\n<li><strong>Aj\u00e1nlott koroszt\u00e1ly:<\/strong>\u00a02-12 \u00e9ves korig<\/li>\n\n\n\n<li><strong>S\u00falyhat\u00e1r max 50kg\/f\u0151<\/strong><\/li>\n<\/ul>\n\n\n\n<figure class=\"wp-block-image size-large\"><img loading=\"lazy\" decoding=\"async\" width=\"768\" height=\"1024\" src=\"https:\/\/legvartata.hu\/wp-content\/uploads\/2023\/04\/IMG_20180630_155251-768x1024.jpg\" alt=\"\" class=\"wp-image-128\" srcset=\"https:\/\/legvartata.hu\/wp-content\/uploads\/2023\/04\/IMG_20180630_155251-768x1024.jpg 768w, https:\/\/legvartata.hu\/wp-content\/uploads\/2023\/04\/IMG_20180630_155251-225x300.jpg 225w, https:\/\/legvartata.hu\/wp-content\/uploads\/2023\/04\/IMG_20180630_155251-1152x1536.jpg 1152w, https:\/\/legvartata.hu\/wp-content\/uploads\/2023\/04\/IMG_20180630_155251-1536x2048.jpg 1536w, https:\/\/legvartata.hu\/wp-content\/uploads\/2023\/04\/IMG_20180630_155251-45x60.jpg 45w, https:\/\/legvartata.hu\/wp-content\/uploads\/2023\/04\/IMG_20180630_155251-scaled.jpg 1920w\" sizes=\"auto, (max-width: 768px) 100vw, 768px\" \/><\/figure>\n\n\n\n<figure class=\"wp-block-image size-large\"><img loading=\"lazy\" decoding=\"async\" width=\"998\" height=\"1024\" src=\"https:\/\/legvartata.hu\/wp-content\/uploads\/2023\/04\/IMG_20180630_155435-998x1024.jpg\" alt=\"\" class=\"wp-image-127\" srcset=\"https:\/\/legvartata.hu\/wp-content\/uploads\/2023\/04\/IMG_20180630_155435-998x1024.jpg 998w, https:\/\/legvartata.hu\/wp-content\/uploads\/2023\/04\/IMG_20180630_155435-292x300.jpg 292w, https:\/\/legvartata.hu\/wp-content\/uploads\/2023\/04\/IMG_20180630_155435-768x788.jpg 768w, https:\/\/legvartata.hu\/wp-content\/uploads\/2023\/04\/IMG_20180630_155435-1496x1536.jpg 1496w, https:\/\/legvartata.hu\/wp-content\/uploads\/2023\/04\/IMG_20180630_155435-1995x2048.jpg 1995w, https:\/\/legvartata.hu\/wp-content\/uploads\/2023\/04\/IMG_20180630_155435-58x60.jpg 58w\" sizes=\"auto, (max-width: 998px) 100vw, 998px\" \/><\/figure>\n\n\n\n<figure class=\"wp-block-image size-large\"><img loading=\"lazy\" decoding=\"async\" width=\"924\" height=\"1024\" src=\"https:\/\/legvartata.hu\/wp-content\/uploads\/2023\/04\/IMG_20180630_171035-924x1024.jpg\" alt=\"\" class=\"wp-image-126\" srcset=\"https:\/\/legvartata.hu\/wp-content\/uploads\/2023\/04\/IMG_20180630_171035-924x1024.jpg 924w, https:\/\/legvartata.hu\/wp-content\/uploads\/2023\/04\/IMG_20180630_171035-271x300.jpg 271w, https:\/\/legvartata.hu\/wp-content\/uploads\/2023\/04\/IMG_20180630_171035-768x851.jpg 768w, https:\/\/legvartata.hu\/wp-content\/uploads\/2023\/04\/IMG_20180630_171035-1386x1536.jpg 1386w, https:\/\/legvartata.hu\/wp-content\/uploads\/2023\/04\/IMG_20180630_171035-1848x2048.jpg 1848w, https:\/\/legvartata.hu\/wp-content\/uploads\/2023\/04\/IMG_20180630_171035-54x60.jpg 54w\" sizes=\"auto, (max-width: 924px) 100vw, 924px\" \/><\/figure>\n\n\n\n<figure class=\"wp-block-image size-large\"><img loading=\"lazy\" decoding=\"async\" width=\"891\" height=\"1024\" src=\"https:\/\/legvartata.hu\/wp-content\/uploads\/2023\/04\/IMG_20180630_171058-1-891x1024.jpg\" alt=\"\" class=\"wp-image-123\" srcset=\"https:\/\/legvartata.hu\/wp-content\/uploads\/2023\/04\/IMG_20180630_171058-1-891x1024.jpg 891w, https:\/\/legvartata.hu\/wp-content\/uploads\/2023\/04\/IMG_20180630_171058-1-261x300.jpg 261w, https:\/\/legvartata.hu\/wp-content\/uploads\/2023\/04\/IMG_20180630_171058-1-768x882.jpg 768w, https:\/\/legvartata.hu\/wp-content\/uploads\/2023\/04\/IMG_20180630_171058-1-1337x1536.jpg 1337w, https:\/\/legvartata.hu\/wp-content\/uploads\/2023\/04\/IMG_20180630_171058-1-1783x2048.jpg 1783w, https:\/\/legvartata.hu\/wp-content\/uploads\/2023\/04\/IMG_20180630_171058-1-52x60.jpg 52w\" sizes=\"auto, (max-width: 891px) 100vw, 891px\" \/><\/figure>\n\n\n\n<figure class=\"wp-block-image size-large\"><img loading=\"lazy\" decoding=\"async\" width=\"924\" height=\"1024\" src=\"https:\/\/legvartata.hu\/wp-content\/uploads\/2023\/04\/IMG_20180630_171058-924x1024.jpg\" alt=\"\" class=\"wp-image-125\" srcset=\"https:\/\/legvartata.hu\/wp-content\/uploads\/2023\/04\/IMG_20180630_171058-924x1024.jpg 924w, https:\/\/legvartata.hu\/wp-content\/uploads\/2023\/04\/IMG_20180630_171058-271x300.jpg 271w, https:\/\/legvartata.hu\/wp-content\/uploads\/2023\/04\/IMG_20180630_171058-768x851.jpg 768w, https:\/\/legvartata.hu\/wp-content\/uploads\/2023\/04\/IMG_20180630_171058-1386x1536.jpg 1386w, https:\/\/legvartata.hu\/wp-content\/uploads\/2023\/04\/IMG_20180630_171058-1848x2048.jpg 1848w, https:\/\/legvartata.hu\/wp-content\/uploads\/2023\/04\/IMG_20180630_171058-54x60.jpg 54w\" sizes=\"auto, (max-width: 924px) 100vw, 924px\" \/><\/figure>\n\n\n\n<figure class=\"wp-block-image size-large\"><img loading=\"lazy\" decoding=\"async\" width=\"1003\" height=\"1024\" src=\"https:\/\/legvartata.hu\/wp-content\/uploads\/2023\/04\/IMG_20180630_171218-1003x1024.jpg\" alt=\"\" class=\"wp-image-124\" srcset=\"https:\/\/legvartata.hu\/wp-content\/uploads\/2023\/04\/IMG_20180630_171218-1003x1024.jpg 1003w, https:\/\/legvartata.hu\/wp-content\/uploads\/2023\/04\/IMG_20180630_171218-294x300.jpg 294w, https:\/\/legvartata.hu\/wp-content\/uploads\/2023\/04\/IMG_20180630_171218-768x784.jpg 768w, https:\/\/legvartata.hu\/wp-content\/uploads\/2023\/04\/IMG_20180630_171218-1505x1536.jpg 1505w, https:\/\/legvartata.hu\/wp-content\/uploads\/2023\/04\/IMG_20180630_171218-2007x2048.jpg 2007w, https:\/\/legvartata.hu\/wp-content\/uploads\/2023\/04\/IMG_20180630_171218-59x60.jpg 59w\" sizes=\"auto, (max-width: 1003px) 100vw, 1003px\" \/><\/figure>\n","protected":false},"excerpt":{"rendered":"<p>Kast\u00e9ly cs\u00faszd\u00e1s v\u00e1r Gy\u00f6ny\u00f6r\u0171 \u00e9l\u00e9nk sz\u00ednekkel, t\u00f6bb 3D-s figur\u00e1val d\u00edsz\u00edtve azonnal mag\u00e1ra vonzza mindenki tekintet\u00e9t. Ez a l\u00e9gv\u00e1r igen n\u00e9pszer\u0171 a kisebb \u00e9s nagyobb gyermekek k\u00f6r\u00e9ben is, k\u00f6sz\u00f6nhet\u0151en a t\u00f6bbfunkci\u00f3s kialak\u00edt\u00e1snak: az ugr\u00e1l\u00f3fel\u00fcletnek, cs\u00faszd\u00e1nak, akad\u00e1lyoknak \u00e9s s boxzs\u00e1koknak. Pr\u00f3b\u00e1lj\u00e1k ki ezt klassz j\u00e1t\u00e9kot a lovagok kor\u00e1ban! Val\u00f3ban sz\u00f3rakoztat\u00f3 ugr\u00e1l\u00f3v\u00e1r minden kicsi \u00e9s nagy gyermek sz\u00e1m\u00e1ra! &hellip; <\/p>\n","protected":false},"author":1,"featured_media":0,"parent":0,"menu_order":0,"comment_status":"closed","ping_status":"closed","template":"","meta":{"footnotes":""},"class_list":["post-119","page","type-page","status-publish","hentry"],"_links":{"self":[{"href":"https:\/\/legvartata.hu\/index.php?rest_route=\/wp\/v2\/pages\/119","targetHints":{"allow":["GET"]}}],"collection":[{"href":"https:\/\/legvartata.hu\/index.php?rest_route=\/wp\/v2\/pages"}],"about":[{"href":"https:\/\/legvartata.hu\/index.php?rest_route=\/wp\/v2\/types\/page"}],"author":[{"embeddable":true,"href":"https:\/\/legvartata.hu\/index.php?rest_route=\/wp\/v2\/users\/1"}],"replies":[{"embeddable":true,"href":"https:\/\/legvartata.hu\/index.php?rest_route=%2Fwp%2Fv2%2Fcomments&post=119"}],"version-history":[{"count":4,"href":"https:\/\/legvartata.hu\/index.php?rest_route=\/wp\/v2\/pages\/119\/revisions"}],"predecessor-version":[{"id":303,"href":"https:\/\/legvartata.hu\/index.php?rest_route=\/wp\/v2\/pages\/119\/revisions\/303"}],"wp:attachment":[{"href":"https:\/\/legvartata.hu\/index.php?rest_route=%2Fwp%2Fv2%2Fmedia&parent=119"}],"curies":[{"name":"wp","href":"https:\/\/api.w.org\/{rel}","templated":true}]}}