{"id":15,"date":"2022-07-05T10:16:56","date_gmt":"2022-07-05T10:16:56","guid":{"rendered":"https:\/\/legvartata.hu\/?page_id=15"},"modified":"2022-07-09T08:40:07","modified_gmt":"2022-07-09T08:40:07","slug":"rolunk","status":"publish","type":"page","link":"https:\/\/legvartata.hu\/","title":{"rendered":"R\u00f3lunk"},"content":{"rendered":"\n<p><\/p>\n\n\n\n<p><\/p>\n\n\n\n<p><strong>Kedves L\u00e1togat\u00f3!<\/strong><\/p>\n\n\n\n<p><\/p>\n\n\n\n<p><\/p>\n\n\n\n<p><\/p>\n\n\n\n<p>V\u00e1llalkoz\u00e1sunk t\u00f6bb \u00e9ve foglakozik felf\u00fajhat\u00f3 l\u00e9gv\u00e1rak, ugr\u00e1l\u00f3v\u00e1rak, \u00e9s egy\u00e9b j\u00e1t\u00e9kok b\u00e9rbead\u00e1s\u00e1val \u00e9s azok \u00fczemeltet\u00e9s\u00e9vel. Tata l\u00e9gv\u00e1rak val\u00f3ban min\u0151s\u00e9gi j\u00e1t\u00e9kokat k\u00edn\u00e1l \u00d6nnek, kedvez\u0151 b\u00e9rleti fel\u00e9telekkel, hogy az \u00d6n rendezv\u00e9ny\u00e9nek siker\u00e9hez sz\u00e9les v\u00e1laszt\u00e9kkal \u00e9s a lehet\u0151 legjobb szolg\u00e1ltat\u00e1sokkal j\u00e1rulhassunk hozz\u00e1.<\/p>\n\n\n\n<p class=\"has-pale-pink-background-color has-background\"><\/p>\n\n\n\n<p>J\u00e1t\u00e9kaink j\u00f3 min\u0151s\u00e9g\u0171 term\u00e9kek, biztons\u00e1gosak, tetszet\u0151sek, ig\u00e9nyesek, amelyek kicsiknek \u00e9s nagyoknak egyar\u00e1nt remek \u00e9lm\u00e9nyt ny\u00fajtanak. Folyamatosan karbantartott l\u00e9gv\u00e1raink, \u00e9s egy\u00e9b j\u00e1t\u00e9kaink maxim\u00e1lisan garant\u00e1lj\u00e1k az \u00d6n \u00e9s gyermeke nyugodt, biztons\u00e1gos \u00e9s felh\u0151tlen sz\u00f3rakoz\u00e1s\u00e1t.<\/p>\n\n\n\n<p class=\"has-pale-pink-background-color has-background\"><\/p>\n\n\n\n<p>A l\u00e9gv\u00e1rak \u00e9s egy\u00e9b j\u00e1t\u00e9kok b\u00e9rl\u00e9si lehet\u0151s\u00e9g\u00e9t egyar\u00e1nt aj\u00e1nljuk c\u00e9ges rendezv\u00e9nyekre, \u00f3vodai- \u00e9s iskolai rendezv\u00e9nyekre, csal\u00e1di \u00f6sszej\u00f6vetelekre, fesztiv\u00e1lokra, falunapokra, gyermeknapokra, minden olyan rendezv\u00e9nyre, ahol a f\u00e1radhatatlan gyermekek sz\u00e1m\u00e1ra \u00f6nfeledt sz\u00f3rakoz\u00e1st \u00e9s maradand\u00f3 \u00e9lm\u00e9nyt szeretne ny\u00fajtani.<\/p>\n\n\n\n<p>K\u00e9rj\u00fck, tekintse meg j\u00e1t\u00e9kainkat, \u00e9s keressen benn\u00fcnket el\u00e9rhet\u0151s\u00e9geinken, hogy r\u00e9szletes \u00e9s korrekt aj\u00e1nlattal seg\u00edthess\u00fcnk az \u00d6n rendezv\u00e9ny\u00e9nek szervez\u00e9s\u00e9ben!<\/p>\n\n\n\n<figure class=\"wp-block-image size-large\"><img loading=\"lazy\" decoding=\"async\" width=\"1024\" height=\"307\" src=\"https:\/\/legvartata.hu\/wp-content\/uploads\/2022\/07\/canvas4-1024x307.png\" alt=\"\" class=\"wp-image-20\" srcset=\"https:\/\/legvartata.hu\/wp-content\/uploads\/2022\/07\/canvas4-1024x307.png 1024w, https:\/\/legvartata.hu\/wp-content\/uploads\/2022\/07\/canvas4-300x90.png 300w, https:\/\/legvartata.hu\/wp-content\/uploads\/2022\/07\/canvas4-768x230.png 768w, https:\/\/legvartata.hu\/wp-content\/uploads\/2022\/07\/canvas4-1536x460.png 1536w, https:\/\/legvartata.hu\/wp-content\/uploads\/2022\/07\/canvas4-200x60.png 200w, https:\/\/legvartata.hu\/wp-content\/uploads\/2022\/07\/canvas4.png 1680w\" sizes=\"auto, (max-width: 1024px) 100vw, 1024px\" \/><\/figure>\n","protected":false},"excerpt":{"rendered":"<p>Kedves L\u00e1togat\u00f3! V\u00e1llalkoz\u00e1sunk t\u00f6bb \u00e9ve foglakozik felf\u00fajhat\u00f3 l\u00e9gv\u00e1rak, ugr\u00e1l\u00f3v\u00e1rak, \u00e9s egy\u00e9b j\u00e1t\u00e9kok b\u00e9rbead\u00e1s\u00e1val \u00e9s azok \u00fczemeltet\u00e9s\u00e9vel. Tata l\u00e9gv\u00e1rak val\u00f3ban min\u0151s\u00e9gi j\u00e1t\u00e9kokat k\u00edn\u00e1l \u00d6nnek, kedvez\u0151 b\u00e9rleti fel\u00e9telekkel, hogy az \u00d6n rendezv\u00e9ny\u00e9nek siker\u00e9hez sz\u00e9les v\u00e1laszt\u00e9kkal \u00e9s a lehet\u0151 legjobb szolg\u00e1ltat\u00e1sokkal j\u00e1rulhassunk hozz\u00e1. J\u00e1t\u00e9kaink j\u00f3 min\u0151s\u00e9g\u0171 term\u00e9kek, biztons\u00e1gosak, tetszet\u0151sek, ig\u00e9nyesek, amelyek kicsiknek \u00e9s nagyoknak egyar\u00e1nt remek \u00e9lm\u00e9nyt ny\u00fajtanak. &hellip; <\/p>\n","protected":false},"author":1,"featured_media":0,"parent":0,"menu_order":0,"comment_status":"closed","ping_status":"closed","template":"","meta":{"footnotes":""},"class_list":["post-15","page","type-page","status-publish","hentry"],"_links":{"self":[{"href":"https:\/\/legvartata.hu\/index.php?rest_route=\/wp\/v2\/pages\/15","targetHints":{"allow":["GET"]}}],"collection":[{"href":"https:\/\/legvartata.hu\/index.php?rest_route=\/wp\/v2\/pages"}],"about":[{"href":"https:\/\/legvartata.hu\/index.php?rest_route=\/wp\/v2\/types\/page"}],"author":[{"embeddable":true,"href":"https:\/\/legvartata.hu\/index.php?rest_route=\/wp\/v2\/users\/1"}],"replies":[{"embeddable":true,"href":"https:\/\/legvartata.hu\/index.php?rest_route=%2Fwp%2Fv2%2Fcomments&post=15"}],"version-history":[{"count":8,"href":"https:\/\/legvartata.hu\/index.php?rest_route=\/wp\/v2\/pages\/15\/revisions"}],"predecessor-version":[{"id":113,"href":"https:\/\/legvartata.hu\/index.php?rest_route=\/wp\/v2\/pages\/15\/revisions\/113"}],"wp:attachment":[{"href":"https:\/\/legvartata.hu\/index.php?rest_route=%2Fwp%2Fv2%2Fmedia&parent=15"}],"curies":[{"name":"wp","href":"https:\/\/api.w.org\/{rel}","templated":true}]}}