{"id":198,"date":"2023-04-14T06:23:49","date_gmt":"2023-04-14T06:23:49","guid":{"rendered":"https:\/\/legvartata.hu\/?page_id=198"},"modified":"2025-03-25T13:12:43","modified_gmt":"2025-03-25T13:12:43","slug":"unikornis-legvar","status":"publish","type":"page","link":"https:\/\/legvartata.hu\/?page_id=198","title":{"rendered":"Unikornis l\u00e9gv\u00e1r"},"content":{"rendered":"\n<p><strong>A sz\u00edv\u00e1rv\u00e1ny sz\u00edneiben pomp\u00e1z\u00f3 kast\u00e9ly, melynek bej\u00e1rat\u00e1n\u00e1l egy hatalmas unikornis v\u00e1rja a f\u00e1radhatatlan \u00f6r\u00f6kmozg\u00f3 gyerekeket, hogy bel\u00e9p\u00e9s ut\u00e1n indulhasson a v\u00e1rva v\u00e1rt j\u00e1t\u00e9k. Ebben seg\u00edts\u00e9g\u00fcl lesznek az ugr\u00e1l\u00f3 j\u00e1t\u00e9kai. A hercegn\u0151 udvar\u00e1n tal\u00e1lhat\u00f3 sz\u00ednes hint\u00f3, a p\u00fcf\u00f6lhet\u0151 \u00e1ll\u00f3 boxzs\u00e1k, &nbsp;na \u00e9s a kihagyhatatlan bels\u0151 cs\u00faszda biztos\u00edtja a kiv\u00e1l\u00f3 \u00e9s felejthetetlen \u00e9lm\u00e9nyt.<\/strong><\/p>\n\n\n\n<p><strong>B\u00e9rleti d\u00edja: 30.000Ft\/nap Telephelyi \u00e1tv\u00e9tel est\u00e9n (Viszed-Hozod)<\/strong><\/p>\n\n\n\n<p><strong>Kisz\u00e1ll\u00edt\u00e1s \u00e9s telep\u00edt\u00e9s:<\/strong><\/p>\n\n\n\n<p><strong>Kisz\u00e1ll\u00edtjuk, telep\u00edtj\u00fck \u00e9s r\u00f6gz\u00edtj\u00fck, majd a program v\u00e9g\u00e9n \u00f6sszecsomagoljuk \u00e9s visszasz\u00e1ll\u00edtjuk.<br>10 000 Ft + 100 Ft\/km (Tat\u00e1r\u00f3l 2 x oda-vissza kell sz\u00e1molni).<\/strong><\/p>\n\n\n\n<p><strong>A lefoglalt l\u00e9gv\u00e1rak rossz id\u0151 eset\u00e9n lemondhat\u00f3ak.<\/strong><\/p>\n\n\n\n<p><strong>Az \u00e1rak csak csal\u00e1di rendezv\u00e9nyekre \u00e9s sz\u00fclet\u00e9snapi partikra \u00e9rv\u00e9nyesek. C\u00e9ges \u00e9s k\u00f6z\u00fcleti rendezv\u00e9nyekre ,falu napokra k\u00e9rje egyedi aj\u00e1nlatunkat.<\/strong><\/p>\n\n\n\n<p>(Ir\u00e1ny\u00e1r nyilv\u00e1nos rendezv\u00e9nyre 45&nbsp;000ft Max. 6\u00f3ra id\u0151tartamra, sz\u00e1ll\u00edt\u00e1s \u00e9s fel\u00fcgyelet n\u00e9lk\u00fcl)<\/p>\n\n\n\n<p>Fel\u00fcgyel\u0151 szem\u00e9lyzet 2500ft\/\u00f3ra\/f\u0151<\/p>\n\n\n\n<p>Nagyobb kombi aut\u00f3val vagy ut\u00e1nfut\u00f3val sz\u00e1ll\u00edthat\u00f3.<\/p>\n\n\n\n<ul class=\"wp-block-list\">\n<li><strong>M\u00e9retei:<\/strong>\u00a04 x 4m (H x Sz)<\/li>\n\n\n\n<li><strong>Csomag s\u00falya:<\/strong>\u00a092kg<\/li>\n\n\n\n<li><strong>Anyaga:<\/strong>\u00a0Ponyva<\/li>\n\n\n\n<li><strong>F\u00e9r\u0151hely:<\/strong>\u00a06-8 gyermek<\/li>\n\n\n\n<li><strong>Aj\u00e1nlott koroszt\u00e1ly:<\/strong>\u00a03-12 \u00e9ves korig<\/li>\n\n\n\n<li><strong>S\u00falyhat\u00e1r max 40kg\/f\u0151<\/strong><\/li>\n\n\n\n<li><strong>Bef\u00fav\u00f3motor 220v 800w<\/strong><\/li>\n<\/ul>\n\n\n\n<figure class=\"wp-block-image size-large\"><img loading=\"lazy\" decoding=\"async\" width=\"1024\" height=\"971\" src=\"https:\/\/legvartata.hu\/wp-content\/uploads\/2023\/04\/IMG_20210802_171417-1024x971.jpg\" alt=\"\" class=\"wp-image-200\" srcset=\"https:\/\/legvartata.hu\/wp-content\/uploads\/2023\/04\/IMG_20210802_171417-1024x971.jpg 1024w, https:\/\/legvartata.hu\/wp-content\/uploads\/2023\/04\/IMG_20210802_171417-300x284.jpg 300w, https:\/\/legvartata.hu\/wp-content\/uploads\/2023\/04\/IMG_20210802_171417-768x728.jpg 768w, https:\/\/legvartata.hu\/wp-content\/uploads\/2023\/04\/IMG_20210802_171417-1536x1456.jpg 1536w, https:\/\/legvartata.hu\/wp-content\/uploads\/2023\/04\/IMG_20210802_171417-2048x1942.jpg 2048w, https:\/\/legvartata.hu\/wp-content\/uploads\/2023\/04\/IMG_20210802_171417-63x60.jpg 63w\" sizes=\"auto, (max-width: 1024px) 100vw, 1024px\" \/><\/figure>\n\n\n\n<figure class=\"wp-block-image size-large\"><img loading=\"lazy\" decoding=\"async\" width=\"1024\" height=\"772\" src=\"https:\/\/legvartata.hu\/wp-content\/uploads\/2023\/04\/IMG_20210802_171741-1024x772.jpg\" alt=\"\" class=\"wp-image-202\" srcset=\"https:\/\/legvartata.hu\/wp-content\/uploads\/2023\/04\/IMG_20210802_171741-1024x772.jpg 1024w, https:\/\/legvartata.hu\/wp-content\/uploads\/2023\/04\/IMG_20210802_171741-300x226.jpg 300w, https:\/\/legvartata.hu\/wp-content\/uploads\/2023\/04\/IMG_20210802_171741-768x579.jpg 768w, https:\/\/legvartata.hu\/wp-content\/uploads\/2023\/04\/IMG_20210802_171741-1536x1158.jpg 1536w, https:\/\/legvartata.hu\/wp-content\/uploads\/2023\/04\/IMG_20210802_171741-2048x1544.jpg 2048w, https:\/\/legvartata.hu\/wp-content\/uploads\/2023\/04\/IMG_20210802_171741-80x60.jpg 80w\" sizes=\"auto, (max-width: 1024px) 100vw, 1024px\" \/><\/figure>\n\n\n\n<figure class=\"wp-block-image size-large\"><img loading=\"lazy\" decoding=\"async\" width=\"1024\" height=\"875\" src=\"https:\/\/legvartata.hu\/wp-content\/uploads\/2023\/04\/IMG_20210802_172646-1024x875.jpg\" alt=\"\" class=\"wp-image-201\" srcset=\"https:\/\/legvartata.hu\/wp-content\/uploads\/2023\/04\/IMG_20210802_172646-1024x875.jpg 1024w, https:\/\/legvartata.hu\/wp-content\/uploads\/2023\/04\/IMG_20210802_172646-300x256.jpg 300w, https:\/\/legvartata.hu\/wp-content\/uploads\/2023\/04\/IMG_20210802_172646-768x656.jpg 768w, https:\/\/legvartata.hu\/wp-content\/uploads\/2023\/04\/IMG_20210802_172646-1536x1312.jpg 1536w, https:\/\/legvartata.hu\/wp-content\/uploads\/2023\/04\/IMG_20210802_172646-2048x1749.jpg 2048w, https:\/\/legvartata.hu\/wp-content\/uploads\/2023\/04\/IMG_20210802_172646-70x60.jpg 70w\" sizes=\"auto, (max-width: 1024px) 100vw, 1024px\" \/><\/figure>\n\n\n\n<figure class=\"wp-block-image size-large\"><img loading=\"lazy\" decoding=\"async\" width=\"1024\" height=\"752\" src=\"https:\/\/legvartata.hu\/wp-content\/uploads\/2023\/04\/IMG_20210802_172832-1024x752.jpg\" alt=\"\" class=\"wp-image-204\" srcset=\"https:\/\/legvartata.hu\/wp-content\/uploads\/2023\/04\/IMG_20210802_172832-1024x752.jpg 1024w, https:\/\/legvartata.hu\/wp-content\/uploads\/2023\/04\/IMG_20210802_172832-300x220.jpg 300w, https:\/\/legvartata.hu\/wp-content\/uploads\/2023\/04\/IMG_20210802_172832-768x564.jpg 768w, https:\/\/legvartata.hu\/wp-content\/uploads\/2023\/04\/IMG_20210802_172832-1536x1127.jpg 1536w, https:\/\/legvartata.hu\/wp-content\/uploads\/2023\/04\/IMG_20210802_172832-2048x1503.jpg 2048w, https:\/\/legvartata.hu\/wp-content\/uploads\/2023\/04\/IMG_20210802_172832-82x60.jpg 82w\" sizes=\"auto, (max-width: 1024px) 100vw, 1024px\" \/><\/figure>\n\n\n\n<figure class=\"wp-block-image size-large\"><img loading=\"lazy\" decoding=\"async\" width=\"1024\" height=\"927\" src=\"https:\/\/legvartata.hu\/wp-content\/uploads\/2023\/04\/IMG_20210802_172911-1-1024x927.jpg\" alt=\"\" class=\"wp-image-199\" srcset=\"https:\/\/legvartata.hu\/wp-content\/uploads\/2023\/04\/IMG_20210802_172911-1-1024x927.jpg 1024w, https:\/\/legvartata.hu\/wp-content\/uploads\/2023\/04\/IMG_20210802_172911-1-300x272.jpg 300w, https:\/\/legvartata.hu\/wp-content\/uploads\/2023\/04\/IMG_20210802_172911-1-768x695.jpg 768w, https:\/\/legvartata.hu\/wp-content\/uploads\/2023\/04\/IMG_20210802_172911-1-1536x1391.jpg 1536w, https:\/\/legvartata.hu\/wp-content\/uploads\/2023\/04\/IMG_20210802_172911-1-2048x1854.jpg 2048w, https:\/\/legvartata.hu\/wp-content\/uploads\/2023\/04\/IMG_20210802_172911-1-66x60.jpg 66w\" sizes=\"auto, (max-width: 1024px) 100vw, 1024px\" \/><\/figure>\n\n\n\n<figure class=\"wp-block-image size-large\"><img loading=\"lazy\" decoding=\"async\" width=\"1024\" height=\"972\" src=\"https:\/\/legvartata.hu\/wp-content\/uploads\/2023\/04\/IMG_20210802_174812-1024x972.jpg\" alt=\"\" class=\"wp-image-203\" srcset=\"https:\/\/legvartata.hu\/wp-content\/uploads\/2023\/04\/IMG_20210802_174812-1024x972.jpg 1024w, https:\/\/legvartata.hu\/wp-content\/uploads\/2023\/04\/IMG_20210802_174812-300x285.jpg 300w, https:\/\/legvartata.hu\/wp-content\/uploads\/2023\/04\/IMG_20210802_174812-768x729.jpg 768w, https:\/\/legvartata.hu\/wp-content\/uploads\/2023\/04\/IMG_20210802_174812-1536x1458.jpg 1536w, https:\/\/legvartata.hu\/wp-content\/uploads\/2023\/04\/IMG_20210802_174812-2048x1945.jpg 2048w, https:\/\/legvartata.hu\/wp-content\/uploads\/2023\/04\/IMG_20210802_174812-63x60.jpg 63w\" sizes=\"auto, (max-width: 1024px) 100vw, 1024px\" \/><\/figure>\n","protected":false},"excerpt":{"rendered":"<p>A sz\u00edv\u00e1rv\u00e1ny sz\u00edneiben pomp\u00e1z\u00f3 kast\u00e9ly, melynek bej\u00e1rat\u00e1n\u00e1l egy hatalmas unikornis v\u00e1rja a f\u00e1radhatatlan \u00f6r\u00f6kmozg\u00f3 gyerekeket, hogy bel\u00e9p\u00e9s ut\u00e1n indulhasson a v\u00e1rva v\u00e1rt j\u00e1t\u00e9k. Ebben seg\u00edts\u00e9g\u00fcl lesznek az ugr\u00e1l\u00f3 j\u00e1t\u00e9kai. A hercegn\u0151 udvar\u00e1n tal\u00e1lhat\u00f3 sz\u00ednes hint\u00f3, a p\u00fcf\u00f6lhet\u0151 \u00e1ll\u00f3 boxzs\u00e1k, &nbsp;na \u00e9s a kihagyhatatlan bels\u0151 cs\u00faszda biztos\u00edtja a kiv\u00e1l\u00f3 \u00e9s felejthetetlen \u00e9lm\u00e9nyt. B\u00e9rleti d\u00edja: 30.000Ft\/nap Telephelyi &hellip; <\/p>\n","protected":false},"author":1,"featured_media":0,"parent":0,"menu_order":0,"comment_status":"closed","ping_status":"closed","template":"","meta":{"footnotes":""},"class_list":["post-198","page","type-page","status-publish","hentry"],"_links":{"self":[{"href":"https:\/\/legvartata.hu\/index.php?rest_route=\/wp\/v2\/pages\/198","targetHints":{"allow":["GET"]}}],"collection":[{"href":"https:\/\/legvartata.hu\/index.php?rest_route=\/wp\/v2\/pages"}],"about":[{"href":"https:\/\/legvartata.hu\/index.php?rest_route=\/wp\/v2\/types\/page"}],"author":[{"embeddable":true,"href":"https:\/\/legvartata.hu\/index.php?rest_route=\/wp\/v2\/users\/1"}],"replies":[{"embeddable":true,"href":"https:\/\/legvartata.hu\/index.php?rest_route=%2Fwp%2Fv2%2Fcomments&post=198"}],"version-history":[{"count":2,"href":"https:\/\/legvartata.hu\/index.php?rest_route=\/wp\/v2\/pages\/198\/revisions"}],"predecessor-version":[{"id":309,"href":"https:\/\/legvartata.hu\/index.php?rest_route=\/wp\/v2\/pages\/198\/revisions\/309"}],"wp:attachment":[{"href":"https:\/\/legvartata.hu\/index.php?rest_route=%2Fwp%2Fv2%2Fmedia&parent=198"}],"curies":[{"name":"wp","href":"https:\/\/api.w.org\/{rel}","templated":true}]}}