{"id":207,"date":"2023-04-14T06:26:55","date_gmt":"2023-04-14T06:26:55","guid":{"rendered":"https:\/\/legvartata.hu\/?page_id=207"},"modified":"2025-03-25T13:12:53","modified_gmt":"2025-03-25T13:12:53","slug":"smile-csuszdas-ugralo","status":"publish","type":"page","link":"https:\/\/legvartata.hu\/?page_id=207","title":{"rendered":"Smile cs\u00faszd\u00e1s ugr\u00e1l\u00f3"},"content":{"rendered":"\n<p><strong>Fedett ugr\u00e1l\u00f3 r\u00e9sszel rendelkez\u0151 m\u00f3k\u00e1s j\u00e1t\u00e9k, amelyb\u0151l a gyerekek kedvence a k\u00fcl\u00f6n l\u00e9pcs\u0151n megk\u00f6zel\u00edthet\u0151 kihagyhatatlan cs\u00faszda sem hi\u00e1nyozhat.<\/strong><\/p>\n\n\n\n<p><strong>B\u00e9rleti d\u00edja: 25 000Ft\/nap Telephelyi \u00e1tv\u00e9tel est\u00e9n (Viszed-Hozod)<\/strong><\/p>\n\n\n\n<p><strong>Kisz\u00e1ll\u00edt\u00e1s \u00e9s telep\u00edt\u00e9s:<\/strong><\/p>\n\n\n\n<p><strong>Kisz\u00e1ll\u00edtjuk, telep\u00edtj\u00fck \u00e9s r\u00f6gz\u00edtj\u00fck, majd a program v\u00e9g\u00e9n \u00f6sszecsomagoljuk \u00e9s visszasz\u00e1ll\u00edtjuk.<br>10 000 Ft + 100 Ft\/km (Tat\u00e1r\u00f3l 2 x oda-vissza kell sz\u00e1molni).<\/strong><\/p>\n\n\n\n<p><strong>A lefoglalt l\u00e9gv\u00e1rak rossz id\u0151 eset\u00e9n lemondhat\u00f3ak.<\/strong><\/p>\n\n\n\n<p><strong>Az \u00e1rak csak csal\u00e1di rendezv\u00e9nyekre \u00e9s sz\u00fclet\u00e9snapi partikra \u00e9rv\u00e9nyesek. C\u00e9ges \u00e9s k\u00f6z\u00fcleti rendezv\u00e9nyekre ,falu napokra k\u00e9rje egyedi aj\u00e1nlatunkat.<\/strong><\/p>\n\n\n\n<p>(Ir\u00e1ny\u00e1r nyilv\u00e1nos rendezv\u00e9nyre 37 500ft Max. 6\u00f3ra id\u0151tartamra, sz\u00e1ll\u00edt\u00e1s \u00e9s fel\u00fcgyelet n\u00e9lk\u00fcl)<\/p>\n\n\n\n<p>Fel\u00fcgyel\u0151 szem\u00e9lyzet 2500ft\/\u00f3ra\/f\u0151<\/p>\n\n\n\n<p>Nagyobb kombi aut\u00f3val vagy ut\u00e1nfut\u00f3val sz\u00e1ll\u00edthat\u00f3.<\/p>\n\n\n\n<ul class=\"wp-block-list\">\n<li><strong>M\u00e9retei:<\/strong>\u00a04,5 x 4,5m (H x Sz)<\/li>\n\n\n\n<li><strong>Csomag s\u00falya:<\/strong>\u00a080kg<\/li>\n\n\n\n<li><strong>Anyaga:<\/strong>\u00a0Ponyva<\/li>\n\n\n\n<li><strong>F\u00e9r\u0151hely:<\/strong>\u00a0Egyszerre 6-8 gyermek haszn\u00e1lhatja<\/li>\n\n\n\n<li><strong>Aj\u00e1nlott koroszt\u00e1ly:<\/strong>\u00a03-12 \u00e9ves korig<\/li>\n\n\n\n<li><strong>S\u00falyhat\u00e1r max 40kg\/f\u0151<\/strong><\/li>\n\n\n\n<li>Bef\u00fav\u00f3motor 220v 1100w<\/li>\n<\/ul>\n\n\n\n<figure class=\"wp-block-image size-large\"><img loading=\"lazy\" decoding=\"async\" width=\"997\" height=\"1024\" src=\"https:\/\/legvartata.hu\/wp-content\/uploads\/2023\/04\/IMG_20210824_123928-997x1024.jpg\" alt=\"\" class=\"wp-image-209\" srcset=\"https:\/\/legvartata.hu\/wp-content\/uploads\/2023\/04\/IMG_20210824_123928-997x1024.jpg 997w, https:\/\/legvartata.hu\/wp-content\/uploads\/2023\/04\/IMG_20210824_123928-292x300.jpg 292w, https:\/\/legvartata.hu\/wp-content\/uploads\/2023\/04\/IMG_20210824_123928-768x789.jpg 768w, https:\/\/legvartata.hu\/wp-content\/uploads\/2023\/04\/IMG_20210824_123928-1495x1536.jpg 1495w, https:\/\/legvartata.hu\/wp-content\/uploads\/2023\/04\/IMG_20210824_123928-1994x2048.jpg 1994w, https:\/\/legvartata.hu\/wp-content\/uploads\/2023\/04\/IMG_20210824_123928-58x60.jpg 58w\" sizes=\"auto, (max-width: 997px) 100vw, 997px\" \/><\/figure>\n\n\n\n<figure class=\"wp-block-image size-large\"><img loading=\"lazy\" decoding=\"async\" width=\"924\" height=\"1024\" src=\"https:\/\/legvartata.hu\/wp-content\/uploads\/2023\/04\/IMG_20210824_141239-1-924x1024.jpg\" alt=\"\" class=\"wp-image-210\" srcset=\"https:\/\/legvartata.hu\/wp-content\/uploads\/2023\/04\/IMG_20210824_141239-1-924x1024.jpg 924w, https:\/\/legvartata.hu\/wp-content\/uploads\/2023\/04\/IMG_20210824_141239-1-271x300.jpg 271w, https:\/\/legvartata.hu\/wp-content\/uploads\/2023\/04\/IMG_20210824_141239-1-768x851.jpg 768w, https:\/\/legvartata.hu\/wp-content\/uploads\/2023\/04\/IMG_20210824_141239-1-1386x1536.jpg 1386w, https:\/\/legvartata.hu\/wp-content\/uploads\/2023\/04\/IMG_20210824_141239-1-1848x2048.jpg 1848w, https:\/\/legvartata.hu\/wp-content\/uploads\/2023\/04\/IMG_20210824_141239-1-54x60.jpg 54w\" sizes=\"auto, (max-width: 924px) 100vw, 924px\" \/><\/figure>\n\n\n\n<figure class=\"wp-block-image size-large\"><img loading=\"lazy\" decoding=\"async\" width=\"953\" height=\"1024\" src=\"https:\/\/legvartata.hu\/wp-content\/uploads\/2023\/04\/IMG_20210824_141300-953x1024.jpg\" alt=\"\" class=\"wp-image-212\" srcset=\"https:\/\/legvartata.hu\/wp-content\/uploads\/2023\/04\/IMG_20210824_141300-953x1024.jpg 953w, https:\/\/legvartata.hu\/wp-content\/uploads\/2023\/04\/IMG_20210824_141300-279x300.jpg 279w, https:\/\/legvartata.hu\/wp-content\/uploads\/2023\/04\/IMG_20210824_141300-768x826.jpg 768w, https:\/\/legvartata.hu\/wp-content\/uploads\/2023\/04\/IMG_20210824_141300-1429x1536.jpg 1429w, https:\/\/legvartata.hu\/wp-content\/uploads\/2023\/04\/IMG_20210824_141300-1905x2048.jpg 1905w, https:\/\/legvartata.hu\/wp-content\/uploads\/2023\/04\/IMG_20210824_141300-56x60.jpg 56w\" sizes=\"auto, (max-width: 953px) 100vw, 953px\" \/><\/figure>\n\n\n\n<figure class=\"wp-block-image size-large\"><img loading=\"lazy\" decoding=\"async\" width=\"775\" height=\"1024\" src=\"https:\/\/legvartata.hu\/wp-content\/uploads\/2023\/04\/IMG_20210824_141342-775x1024.jpg\" alt=\"\" class=\"wp-image-211\" srcset=\"https:\/\/legvartata.hu\/wp-content\/uploads\/2023\/04\/IMG_20210824_141342-775x1024.jpg 775w, https:\/\/legvartata.hu\/wp-content\/uploads\/2023\/04\/IMG_20210824_141342-227x300.jpg 227w, https:\/\/legvartata.hu\/wp-content\/uploads\/2023\/04\/IMG_20210824_141342-768x1015.jpg 768w, https:\/\/legvartata.hu\/wp-content\/uploads\/2023\/04\/IMG_20210824_141342-1162x1536.jpg 1162w, https:\/\/legvartata.hu\/wp-content\/uploads\/2023\/04\/IMG_20210824_141342-1550x2048.jpg 1550w, https:\/\/legvartata.hu\/wp-content\/uploads\/2023\/04\/IMG_20210824_141342-45x60.jpg 45w, https:\/\/legvartata.hu\/wp-content\/uploads\/2023\/04\/IMG_20210824_141342-scaled.jpg 1937w\" sizes=\"auto, (max-width: 775px) 100vw, 775px\" \/><\/figure>\n\n\n\n<figure class=\"wp-block-image size-large\"><img loading=\"lazy\" decoding=\"async\" width=\"776\" height=\"1024\" src=\"https:\/\/legvartata.hu\/wp-content\/uploads\/2023\/04\/IMG_20210824_141359-1-776x1024.jpg\" alt=\"\" class=\"wp-image-213\" srcset=\"https:\/\/legvartata.hu\/wp-content\/uploads\/2023\/04\/IMG_20210824_141359-1-776x1024.jpg 776w, https:\/\/legvartata.hu\/wp-content\/uploads\/2023\/04\/IMG_20210824_141359-1-227x300.jpg 227w, https:\/\/legvartata.hu\/wp-content\/uploads\/2023\/04\/IMG_20210824_141359-1-768x1013.jpg 768w, https:\/\/legvartata.hu\/wp-content\/uploads\/2023\/04\/IMG_20210824_141359-1-1165x1536.jpg 1165w, https:\/\/legvartata.hu\/wp-content\/uploads\/2023\/04\/IMG_20210824_141359-1-1553x2048.jpg 1553w, https:\/\/legvartata.hu\/wp-content\/uploads\/2023\/04\/IMG_20210824_141359-1-45x60.jpg 45w, https:\/\/legvartata.hu\/wp-content\/uploads\/2023\/04\/IMG_20210824_141359-1-scaled.jpg 1941w\" sizes=\"auto, (max-width: 776px) 100vw, 776px\" \/><\/figure>\n\n\n\n<figure class=\"wp-block-image size-large\"><img loading=\"lazy\" decoding=\"async\" width=\"783\" height=\"1024\" src=\"https:\/\/legvartata.hu\/wp-content\/uploads\/2023\/04\/IMG_20210824_141418-1-783x1024.jpg\" alt=\"\" class=\"wp-image-208\" srcset=\"https:\/\/legvartata.hu\/wp-content\/uploads\/2023\/04\/IMG_20210824_141418-1-783x1024.jpg 783w, https:\/\/legvartata.hu\/wp-content\/uploads\/2023\/04\/IMG_20210824_141418-1-230x300.jpg 230w, https:\/\/legvartata.hu\/wp-content\/uploads\/2023\/04\/IMG_20210824_141418-1-768x1004.jpg 768w, https:\/\/legvartata.hu\/wp-content\/uploads\/2023\/04\/IMG_20210824_141418-1-1175x1536.jpg 1175w, https:\/\/legvartata.hu\/wp-content\/uploads\/2023\/04\/IMG_20210824_141418-1-1567x2048.jpg 1567w, https:\/\/legvartata.hu\/wp-content\/uploads\/2023\/04\/IMG_20210824_141418-1-46x60.jpg 46w, https:\/\/legvartata.hu\/wp-content\/uploads\/2023\/04\/IMG_20210824_141418-1-scaled.jpg 1959w\" sizes=\"auto, (max-width: 783px) 100vw, 783px\" \/><\/figure>\n","protected":false},"excerpt":{"rendered":"<p>Fedett ugr\u00e1l\u00f3 r\u00e9sszel rendelkez\u0151 m\u00f3k\u00e1s j\u00e1t\u00e9k, amelyb\u0151l a gyerekek kedvence a k\u00fcl\u00f6n l\u00e9pcs\u0151n megk\u00f6zel\u00edthet\u0151 kihagyhatatlan cs\u00faszda sem hi\u00e1nyozhat. B\u00e9rleti d\u00edja: 25 000Ft\/nap Telephelyi \u00e1tv\u00e9tel est\u00e9n (Viszed-Hozod) Kisz\u00e1ll\u00edt\u00e1s \u00e9s telep\u00edt\u00e9s: Kisz\u00e1ll\u00edtjuk, telep\u00edtj\u00fck \u00e9s r\u00f6gz\u00edtj\u00fck, majd a program v\u00e9g\u00e9n \u00f6sszecsomagoljuk \u00e9s visszasz\u00e1ll\u00edtjuk.10 000 Ft + 100 Ft\/km (Tat\u00e1r\u00f3l 2 x oda-vissza kell sz\u00e1molni). A lefoglalt l\u00e9gv\u00e1rak rossz &hellip; <\/p>\n","protected":false},"author":1,"featured_media":0,"parent":0,"menu_order":0,"comment_status":"closed","ping_status":"closed","template":"","meta":{"footnotes":""},"class_list":["post-207","page","type-page","status-publish","hentry"],"_links":{"self":[{"href":"https:\/\/legvartata.hu\/index.php?rest_route=\/wp\/v2\/pages\/207","targetHints":{"allow":["GET"]}}],"collection":[{"href":"https:\/\/legvartata.hu\/index.php?rest_route=\/wp\/v2\/pages"}],"about":[{"href":"https:\/\/legvartata.hu\/index.php?rest_route=\/wp\/v2\/types\/page"}],"author":[{"embeddable":true,"href":"https:\/\/legvartata.hu\/index.php?rest_route=\/wp\/v2\/users\/1"}],"replies":[{"embeddable":true,"href":"https:\/\/legvartata.hu\/index.php?rest_route=%2Fwp%2Fv2%2Fcomments&post=207"}],"version-history":[{"count":2,"href":"https:\/\/legvartata.hu\/index.php?rest_route=\/wp\/v2\/pages\/207\/revisions"}],"predecessor-version":[{"id":310,"href":"https:\/\/legvartata.hu\/index.php?rest_route=\/wp\/v2\/pages\/207\/revisions\/310"}],"wp:attachment":[{"href":"https:\/\/legvartata.hu\/index.php?rest_route=%2Fwp%2Fv2%2Fmedia&parent=207"}],"curies":[{"name":"wp","href":"https:\/\/api.w.org\/{rel}","templated":true}]}}