{"id":216,"date":"2023-04-14T06:29:12","date_gmt":"2023-04-14T06:29:12","guid":{"rendered":"https:\/\/legvartata.hu\/?page_id=216"},"modified":"2025-03-25T13:13:03","modified_gmt":"2025-03-25T13:13:03","slug":"lovas-legvar","status":"publish","type":"page","link":"https:\/\/legvartata.hu\/?page_id=216","title":{"rendered":"Lovas l\u00e9gv\u00e1r"},"content":{"rendered":"\n<p><strong>Ebben a k\u00f6zepes m\u00e9ret\u0171 ugr\u00e1l\u00f3ban, minden gyermek remek\u00fcl \u00e9rzi mag\u00e1t. B\u0151ven van hely az ugr\u00e1l\u00e1sra, \u00e9s egy kit\u0171n\u0151 cs\u00faszda is seg\u00edti az \u00f6nfeledt sz\u00f3rakoz\u00e1st, egyszerre ak\u00e1r 8 gyerk\u0151c sz\u00e1m\u00e1ra.<\/strong><\/p>\n\n\n\n<p><strong>B\u00e9rleti d\u00edja: 25.000Ft\/nap Telephelyi \u00e1tv\u00e9tel est\u00e9n (Viszed-Hozod)<\/strong><\/p>\n\n\n\n<p><strong>Kisz\u00e1ll\u00edt\u00e1s \u00e9s telep\u00edt\u00e9s:<\/strong><\/p>\n\n\n\n<p><strong>Kisz\u00e1ll\u00edtjuk, telep\u00edtj\u00fck \u00e9s r\u00f6gz\u00edtj\u00fck, majd a program v\u00e9g\u00e9n \u00f6sszecsomagoljuk \u00e9s visszasz\u00e1ll\u00edtjuk.<br>10 000 Ft + 100 Ft\/km (Tat\u00e1r\u00f3l 2 x oda-vissza kell sz\u00e1molni).<\/strong><\/p>\n\n\n\n<p><strong>A lefoglalt l\u00e9gv\u00e1rak rossz id\u0151 eset\u00e9n lemondhat\u00f3ak.<\/strong><\/p>\n\n\n\n<p><strong>Az \u00e1rak csak csal\u00e1di rendezv\u00e9nyekre \u00e9s sz\u00fclet\u00e9snapi partikra \u00e9rv\u00e9nyesek. C\u00e9ges \u00e9s k\u00f6z\u00fcleti rendezv\u00e9nyekre ,falu napokra k\u00e9rje egyedi aj\u00e1nlatunkat.<\/strong><\/p>\n\n\n\n<p>(Ir\u00e1ny\u00e1r nyilv\u00e1nos rendezv\u00e9nyre 37&nbsp;500ft Max. 6\u00f3ra id\u0151tartamra, sz\u00e1ll\u00edt\u00e1s \u00e9s fel\u00fcgyelet n\u00e9lk\u00fcl)<\/p>\n\n\n\n<p>Fel\u00fcgyel\u0151 szem\u00e9lyzet 2500ft\/\u00f3ra\/f\u0151<\/p>\n\n\n\n<p>Nagyobb kombi aut\u00f3val vagy ut\u00e1nfut\u00f3val sz\u00e1ll\u00edthat\u00f3.<\/p>\n\n\n\n<ul class=\"wp-block-list\">\n<li><strong>M\u00e9retei:<\/strong>\u00a05 x 4m (H x SZ)<\/li>\n\n\n\n<li><strong>Csomag s\u00falya:<\/strong>\u00a080kg<\/li>\n\n\n\n<li><strong>Anyaga:<\/strong>\u00a0Ponyva<\/li>\n\n\n\n<li><strong>F\u00e9r\u0151hely:<\/strong>\u00a0Egyszerre 8 gyermek haszn\u00e1lhatja<\/li>\n\n\n\n<li><strong>Aj\u00e1nlott koroszt\u00e1ly:<\/strong>\u00a03-12 \u00e9ves korig<\/li>\n\n\n\n<li><strong>F\u00e9r\u0151hely 6-<\/strong>8 f\u0151<\/li>\n\n\n\n<li><strong>S\u00falyhat\u00e1r max 40kg\/f\u0151<\/strong><\/li>\n<\/ul>\n\n\n\n<figure class=\"wp-block-image size-large\"><img loading=\"lazy\" decoding=\"async\" width=\"1024\" height=\"977\" src=\"https:\/\/legvartata.hu\/wp-content\/uploads\/2023\/04\/IMG_20190914_170846-1024x977.jpg\" alt=\"\" class=\"wp-image-217\" srcset=\"https:\/\/legvartata.hu\/wp-content\/uploads\/2023\/04\/IMG_20190914_170846-1024x977.jpg 1024w, https:\/\/legvartata.hu\/wp-content\/uploads\/2023\/04\/IMG_20190914_170846-300x286.jpg 300w, https:\/\/legvartata.hu\/wp-content\/uploads\/2023\/04\/IMG_20190914_170846-768x733.jpg 768w, https:\/\/legvartata.hu\/wp-content\/uploads\/2023\/04\/IMG_20190914_170846-1536x1465.jpg 1536w, https:\/\/legvartata.hu\/wp-content\/uploads\/2023\/04\/IMG_20190914_170846-2048x1954.jpg 2048w, https:\/\/legvartata.hu\/wp-content\/uploads\/2023\/04\/IMG_20190914_170846-63x60.jpg 63w\" sizes=\"auto, (max-width: 1024px) 100vw, 1024px\" \/><\/figure>\n\n\n\n<figure class=\"wp-block-image size-large\"><img loading=\"lazy\" decoding=\"async\" width=\"779\" height=\"1024\" src=\"https:\/\/legvartata.hu\/wp-content\/uploads\/2023\/04\/IMG_20190914_170952-1-779x1024.jpg\" alt=\"\" class=\"wp-image-218\" srcset=\"https:\/\/legvartata.hu\/wp-content\/uploads\/2023\/04\/IMG_20190914_170952-1-779x1024.jpg 779w, https:\/\/legvartata.hu\/wp-content\/uploads\/2023\/04\/IMG_20190914_170952-1-228x300.jpg 228w, https:\/\/legvartata.hu\/wp-content\/uploads\/2023\/04\/IMG_20190914_170952-1-768x1009.jpg 768w, https:\/\/legvartata.hu\/wp-content\/uploads\/2023\/04\/IMG_20190914_170952-1-1169x1536.jpg 1169w, https:\/\/legvartata.hu\/wp-content\/uploads\/2023\/04\/IMG_20190914_170952-1-1559x2048.jpg 1559w, https:\/\/legvartata.hu\/wp-content\/uploads\/2023\/04\/IMG_20190914_170952-1-46x60.jpg 46w, https:\/\/legvartata.hu\/wp-content\/uploads\/2023\/04\/IMG_20190914_170952-1-scaled.jpg 1948w\" sizes=\"auto, (max-width: 779px) 100vw, 779px\" \/><\/figure>\n\n\n\n<figure class=\"wp-block-image size-large\"><img loading=\"lazy\" decoding=\"async\" width=\"771\" height=\"1024\" src=\"https:\/\/legvartata.hu\/wp-content\/uploads\/2023\/04\/IMG_20190914_170952-2-771x1024.jpg\" alt=\"\" class=\"wp-image-220\" srcset=\"https:\/\/legvartata.hu\/wp-content\/uploads\/2023\/04\/IMG_20190914_170952-2-771x1024.jpg 771w, https:\/\/legvartata.hu\/wp-content\/uploads\/2023\/04\/IMG_20190914_170952-2-226x300.jpg 226w, https:\/\/legvartata.hu\/wp-content\/uploads\/2023\/04\/IMG_20190914_170952-2-768x1020.jpg 768w, https:\/\/legvartata.hu\/wp-content\/uploads\/2023\/04\/IMG_20190914_170952-2-1156x1536.jpg 1156w, https:\/\/legvartata.hu\/wp-content\/uploads\/2023\/04\/IMG_20190914_170952-2-1541x2048.jpg 1541w, https:\/\/legvartata.hu\/wp-content\/uploads\/2023\/04\/IMG_20190914_170952-2-45x60.jpg 45w, https:\/\/legvartata.hu\/wp-content\/uploads\/2023\/04\/IMG_20190914_170952-2-scaled.jpg 1927w\" sizes=\"auto, (max-width: 771px) 100vw, 771px\" \/><\/figure>\n\n\n\n<figure class=\"wp-block-image size-large\"><img loading=\"lazy\" decoding=\"async\" width=\"792\" height=\"1024\" src=\"https:\/\/legvartata.hu\/wp-content\/uploads\/2023\/04\/IMG_20190914_171135-792x1024.jpg\" alt=\"\" class=\"wp-image-219\" srcset=\"https:\/\/legvartata.hu\/wp-content\/uploads\/2023\/04\/IMG_20190914_171135-792x1024.jpg 792w, https:\/\/legvartata.hu\/wp-content\/uploads\/2023\/04\/IMG_20190914_171135-232x300.jpg 232w, https:\/\/legvartata.hu\/wp-content\/uploads\/2023\/04\/IMG_20190914_171135-768x993.jpg 768w, https:\/\/legvartata.hu\/wp-content\/uploads\/2023\/04\/IMG_20190914_171135-1188x1536.jpg 1188w, https:\/\/legvartata.hu\/wp-content\/uploads\/2023\/04\/IMG_20190914_171135-1585x2048.jpg 1585w, https:\/\/legvartata.hu\/wp-content\/uploads\/2023\/04\/IMG_20190914_171135-46x60.jpg 46w, https:\/\/legvartata.hu\/wp-content\/uploads\/2023\/04\/IMG_20190914_171135-scaled.jpg 1981w\" sizes=\"auto, (max-width: 792px) 100vw, 792px\" \/><\/figure>\n","protected":false},"excerpt":{"rendered":"<p>Ebben a k\u00f6zepes m\u00e9ret\u0171 ugr\u00e1l\u00f3ban, minden gyermek remek\u00fcl \u00e9rzi mag\u00e1t. B\u0151ven van hely az ugr\u00e1l\u00e1sra, \u00e9s egy kit\u0171n\u0151 cs\u00faszda is seg\u00edti az \u00f6nfeledt sz\u00f3rakoz\u00e1st, egyszerre ak\u00e1r 8 gyerk\u0151c sz\u00e1m\u00e1ra. B\u00e9rleti d\u00edja: 25.000Ft\/nap Telephelyi \u00e1tv\u00e9tel est\u00e9n (Viszed-Hozod) Kisz\u00e1ll\u00edt\u00e1s \u00e9s telep\u00edt\u00e9s: Kisz\u00e1ll\u00edtjuk, telep\u00edtj\u00fck \u00e9s r\u00f6gz\u00edtj\u00fck, majd a program v\u00e9g\u00e9n \u00f6sszecsomagoljuk \u00e9s visszasz\u00e1ll\u00edtjuk.10 000 Ft + 100 Ft\/km &hellip; <\/p>\n","protected":false},"author":1,"featured_media":0,"parent":0,"menu_order":0,"comment_status":"closed","ping_status":"closed","template":"","meta":{"footnotes":""},"class_list":["post-216","page","type-page","status-publish","hentry"],"_links":{"self":[{"href":"https:\/\/legvartata.hu\/index.php?rest_route=\/wp\/v2\/pages\/216","targetHints":{"allow":["GET"]}}],"collection":[{"href":"https:\/\/legvartata.hu\/index.php?rest_route=\/wp\/v2\/pages"}],"about":[{"href":"https:\/\/legvartata.hu\/index.php?rest_route=\/wp\/v2\/types\/page"}],"author":[{"embeddable":true,"href":"https:\/\/legvartata.hu\/index.php?rest_route=\/wp\/v2\/users\/1"}],"replies":[{"embeddable":true,"href":"https:\/\/legvartata.hu\/index.php?rest_route=%2Fwp%2Fv2%2Fcomments&post=216"}],"version-history":[{"count":2,"href":"https:\/\/legvartata.hu\/index.php?rest_route=\/wp\/v2\/pages\/216\/revisions"}],"predecessor-version":[{"id":311,"href":"https:\/\/legvartata.hu\/index.php?rest_route=\/wp\/v2\/pages\/216\/revisions\/311"}],"wp:attachment":[{"href":"https:\/\/legvartata.hu\/index.php?rest_route=%2Fwp%2Fv2%2Fmedia&parent=216"}],"curies":[{"name":"wp","href":"https:\/\/api.w.org\/{rel}","templated":true}]}}