{"id":26,"date":"2022-07-08T07:07:16","date_gmt":"2022-07-08T07:07:16","guid":{"rendered":"https:\/\/legvartata.hu\/?page_id=26"},"modified":"2023-04-14T05:55:30","modified_gmt":"2023-04-14T05:55:30","slug":"hazirend","status":"publish","type":"page","link":"https:\/\/legvartata.hu\/?page_id=26","title":{"rendered":"H\u00e1zirend\/Szab\u00e1lyok"},"content":{"rendered":"\n<p><strong>Az al\u00e1bbiakat k\u00e9rlek olvasd \u00e1t figyelmesen, mert rendel\u00e9skor a b\u00e9rl\u0151 \u00e1ltal elfogadottnak tekintj\u00fck!<\/strong><\/p>\n\n\n\n<p><strong>&nbsp;&nbsp;&nbsp;&nbsp;&nbsp;&nbsp;&nbsp;&nbsp;&nbsp;&nbsp;&nbsp;&nbsp;&nbsp;&nbsp; A j\u00e1t\u00e9kok \u00fczemeltet\u00e9s\u00e9nek felt\u00e9telei:<\/strong><\/p>\n\n\n\n<p><strong>&nbsp;&nbsp;&nbsp;&nbsp;&nbsp;&nbsp;&nbsp;&nbsp;&nbsp;&nbsp;&nbsp;&nbsp;&nbsp;&nbsp; A j\u00e1t\u00e9kot mindenki saj\u00e1t felel\u0151ss\u00e9g\u00e9re haszn\u00e1lhatja!<\/strong><\/p>\n\n\n\n<ul class=\"wp-block-list\"><li>A l\u00e9gv\u00e1rak csak a megengedett s\u00faly hat\u00e1rig haszn\u00e1lhat\u00f3ak! &nbsp;Egyszerre meghat\u00e1rozott (t\u00edpusonk\u00e9nt \u00e1lltal\u00e1ban 4 -10), max. 50 kg s\u00faly\u00fa gyermek haszn\u00e1lhatja.<\/li><li>&nbsp;A l\u00e9gv\u00e1rakat k\u00fclt\u00e9ren MINDEN ESETBEN az \u00f6sszes r\u00f6gz\u00cdt\u00e9si ponton m\u00e9g sz\u00e9lcsend eset\u00e9ben is R\u00d6GZTENI KELL. Az el\u0151\u00edr\u00e1s megszeg\u00e9se BALESETVESZ\u00c9LYES! R\u00f6gz\u00edt\u00e9s m\u00f3dja talajba le\u00fct\u00f6tt karokkal.<\/li><\/ul>\n\n\n\n<p>&nbsp;&nbsp;&nbsp;&nbsp;&nbsp;&nbsp; \u2022&nbsp;&nbsp;&nbsp;&nbsp; A gyereket csak megfelel\u0151en r\u00f6gz\u00edtett l\u00e9gv\u00e1rban j\u00e1tszhatnak!<\/p>\n\n\n\n<ul class=\"wp-block-list\"><li>A telep\u00edt\u00e9sre a legalkalmasabb a v\u00edzszintes, f\u00fcves ter\u00fclet. A fel\u00e1ll\u00edt\u00e1s helysz\u00edn\u00e9t meg kell tiszt\u00edtani az \u00e9les, hegyes t\u00e1rgyakt\u00f3l, t\u00f6rmel\u00e9kekt\u0151l.<\/li><\/ul>\n\n\n\n<ul class=\"wp-block-list\"><li>&nbsp;Amennyiben egy\u00e9b burkolatra szeretn\u00e9k helyezni, (t\u00e9rk\u0151, aszfalt, murva, beton stb.) azt a r\u00f6gz\u00edt\u00e9si probl\u00e9m\u00e1k \u00e9s al\u00e1t\u00e9tf\u00f3lia biztos\u00edt\u00e1sa v\u00e9gett, el\u0151zetesen jelezni sz\u00edveskedjenek.<\/li><\/ul>\n\n\n\n<ul class=\"wp-block-list\"><li>A j\u00e1t\u00e9kra \u00e9telt, italt \u00e9s fullad\u00e1s-vesz\u00e9lyes, valamint \u00e9les, hegyes, sz\u00far\u00f3s, v\u00e1g\u00f3 dolgokat, t\u00e1rgyakat felvinni tilos!<\/li><\/ul>\n\n\n\n<ul class=\"wp-block-list\"><li>A j\u00e1t\u00e9kot szem\u00fcvegben haszn\u00e1lni nem tan\u00e1csolt, kiz\u00e1r\u00f3lag fel\u00fcgyelet mellett lehets\u00e9ges!<\/li><\/ul>\n\n\n\n<ul class=\"wp-block-list\"><li>Haszn\u00e1lat k\u00f6zben a cip\u0151 lev\u00e9tele \u00e9s zokni haszn\u00e1lat k\u00f6telez\u0151!<\/li><li>A j\u00e1t\u00e9k csak feln\u0151tt fel\u00fcgyelet mellett haszn\u00e1lhat\u00f3! K\u00e9rj\u00fck mindig jel\u00f6ljenek ki valakit a fel\u00fcgyelet biztos\u00edt\u00e1s\u00e1ra!<\/li><li>A j\u00e1t\u00e9kot fel\u00fcgyelet n\u00e9lk\u00fcl hagyni minden esetben TILOS!<\/li><li>A nagyobb \u00e9s a kisebb gyerekeket k\u00fcl\u00f6n csoportokban kell j\u00e1tszatni.<\/li><li>Az oldalfalakra felm\u00e1szni- felugrani \u00e9s a&nbsp; cs\u00faszd\u00e1r\u00f3l leugrani szigor\u00faan TILOS!<\/li><li>Ne haszn\u00e1lj\u00e1k er\u0151s sz\u00e9lben, \u00e9s rossz id\u0151j\u00e1r\u00e1si k\u00f6r\u00fclm\u00e9nyek k\u00f6z\u00f6tt!<\/li><li>A l\u00e9gv\u00e1rakat k\u00fclt\u00e9ren kiz\u00e1r\u00f3lag megfelel\u0151 id\u0151j\u00e1r\u00e1si k\u00f6r\u00fclm\u00e9nyek megl\u00e9te eset\u00e9n \u00fczemeltethet\u0151ek, ide tartozik a 10\u00b0C feletti h\u0151m\u00e9rs\u00e9klet, csapad\u00e9kmentes id\u0151j\u00e1r\u00e1s, a sz\u00e9ler\u0151ss\u00e9g maxim\u00e1lis m\u00e9rt\u00e9ke 36 km\/h.<\/li><li>Es\u0151 eset\u00e9n a l\u00e9gv\u00e1rat azonnal \u00e1ramtalan\u00edtani kell,\u00e9s lehet\u0151s\u00e9g szerint letakarni ,\u00f6sszehajtani sz\u00fcks\u00e9ges.<\/li><\/ul>\n\n\n\n<ul class=\"wp-block-list\"><li>A felf\u00fajhat\u00f3 j\u00e1t\u00e9kok \u00fczemeltet\u00e9se 0,48 \u2013 2,2 KW-os bef\u00fav\u00f3motorral t\u00f6rt\u00e9nik, amelyhez \u00e1ramforr\u00e1sra (220V 10A\/ l\u00e9gv\u00e1r) van sz\u00fcks\u00e9g\u00fcnk a telep\u00edt\u00e9s hely\u00e9nek k\u00f6zel\u00e9ben. A bef\u00fav\u00f3motor a teljes \u00fczemid\u0151 alatt m\u0171k\u00f6d\u00e9sben van.<\/li><li>A j\u00e1t\u00e9kok hely\u00e9nek meghat\u00e1roz\u00e1sakor k\u00e9rj\u00fck vegy\u00e9k figyelembe a j\u00e1t\u00e9kok m\u00e9ret\u00e9t, k\u00fcl\u00f6n\u00f6s tekintettel annak magass\u00e1g\u00e1ra. Semmik\u00e9pp nem ker\u00fclhet k\u00f6zvetlen\u00fcl magasfesz\u00fclts\u00e9g\u0171 vezet\u00e9kek, vesz\u00e9lyes fa\u00e1gak vagy egy\u00e9b terept\u00e1rgyak al\u00e1.<\/li><li>A cs\u00faszda haszn\u00e1lata sor\u00e1n fel\u00fcleti b\u0151rs\u00e9r\u00fcl\u00e9s keletkezhet a s\u00farl\u00f3d\u00e1st\u00f3l, amely a cs\u00faszda haszn\u00e1lat\u00e1b\u00f3l ered\u0151 saj\u00e1toss\u00e1g, ez\u00e9rt aj\u00e1nlott a teljes testet fed\u0151 ruh\u00e1zat, ebb\u0151l ad\u00f3d\u00f3 balesetek\u00e9rt az \u00fczemeltet\u0151 felel\u0151ss\u00e9get nem v\u00e1llal.<\/li><li>A j\u00e1t\u00e9kok haszn\u00e1lata k\u00f6zben annak term\u00e9szet\u00e9n\u00e9l fogva el\u0151fordulhatnak kisebb balesetek. Ezek\u00e9rt csak akkor tudunk felel\u0151ss\u00e9get v\u00e1llalni, ha az az eszk\u00f6z\u00f6k m\u0171szaki \u00e1llapota, miatt t\u00f6rt\u00e9nik.Nem tudunk tov\u00e1bb\u00e1 felel\u0151ss\u00e9get v\u00e1llalni olyan balesetek\u00e9rt, amelyek rajtunk k\u00edv\u00fcl\u00e1ll\u00f3 okok miatt k\u00f6vetkeznek be. (pl:\u00e1ramsz\u00fcnet, felel\u0151tlen sz\u00fcl\u0151k, a j\u00e1t\u00e9kra felvitt vesz\u00e9lyes t\u00e1rgy, agressz\u00edv gyermek, nem megfelel\u0151 r\u00f6gz\u00edt\u00e9s)<\/li><li>A haszn\u00e1lati utas\u00edt\u00e1sban foglalt szab\u00e1lyok be nem tart\u00e1s\u00e1b\u00f3l \u00e9s egy\u00e9b, nem \u00e9sszer\u0171, rendeltet\u00e9s ellenes haszn\u00e1latb\u00f3l ered\u0151 k\u00e1rok\u00e9rt az \u00fczemeltet\u0151 semmilyen felel\u0151ss\u00e9get nem v\u00e1llal.<\/li><\/ul>\n","protected":false},"excerpt":{"rendered":"<p>Az al\u00e1bbiakat k\u00e9rlek olvasd \u00e1t figyelmesen, mert rendel\u00e9skor a b\u00e9rl\u0151 \u00e1ltal elfogadottnak tekintj\u00fck! &nbsp;&nbsp;&nbsp;&nbsp;&nbsp;&nbsp;&nbsp;&nbsp;&nbsp;&nbsp;&nbsp;&nbsp;&nbsp;&nbsp; A j\u00e1t\u00e9kok \u00fczemeltet\u00e9s\u00e9nek felt\u00e9telei: &nbsp;&nbsp;&nbsp;&nbsp;&nbsp;&nbsp;&nbsp;&nbsp;&nbsp;&nbsp;&nbsp;&nbsp;&nbsp;&nbsp; A j\u00e1t\u00e9kot mindenki saj\u00e1t felel\u0151ss\u00e9g\u00e9re haszn\u00e1lhatja! A l\u00e9gv\u00e1rak csak a megengedett s\u00faly hat\u00e1rig haszn\u00e1lhat\u00f3ak! &nbsp;Egyszerre meghat\u00e1rozott (t\u00edpusonk\u00e9nt \u00e1lltal\u00e1ban 4 -10), max. 50 kg s\u00faly\u00fa gyermek haszn\u00e1lhatja. &nbsp;A l\u00e9gv\u00e1rakat k\u00fclt\u00e9ren MINDEN ESETBEN az \u00f6sszes r\u00f6gz\u00cdt\u00e9si ponton m\u00e9g &hellip; <\/p>\n","protected":false},"author":1,"featured_media":0,"parent":0,"menu_order":0,"comment_status":"closed","ping_status":"closed","template":"","meta":{"footnotes":""},"class_list":["post-26","page","type-page","status-publish","hentry"],"_links":{"self":[{"href":"https:\/\/legvartata.hu\/index.php?rest_route=\/wp\/v2\/pages\/26","targetHints":{"allow":["GET"]}}],"collection":[{"href":"https:\/\/legvartata.hu\/index.php?rest_route=\/wp\/v2\/pages"}],"about":[{"href":"https:\/\/legvartata.hu\/index.php?rest_route=\/wp\/v2\/types\/page"}],"author":[{"embeddable":true,"href":"https:\/\/legvartata.hu\/index.php?rest_route=\/wp\/v2\/users\/1"}],"replies":[{"embeddable":true,"href":"https:\/\/legvartata.hu\/index.php?rest_route=%2Fwp%2Fv2%2Fcomments&post=26"}],"version-history":[{"count":4,"href":"https:\/\/legvartata.hu\/index.php?rest_route=\/wp\/v2\/pages\/26\/revisions"}],"predecessor-version":[{"id":115,"href":"https:\/\/legvartata.hu\/index.php?rest_route=\/wp\/v2\/pages\/26\/revisions\/115"}],"wp:attachment":[{"href":"https:\/\/legvartata.hu\/index.php?rest_route=%2Fwp%2Fv2%2Fmedia&parent=26"}],"curies":[{"name":"wp","href":"https:\/\/api.w.org\/{rel}","templated":true}]}}