{"id":282,"date":"2023-05-18T05:44:11","date_gmt":"2023-05-18T05:44:11","guid":{"rendered":"https:\/\/legvartata.hu\/?page_id=282"},"modified":"2025-03-25T13:13:45","modified_gmt":"2025-03-25T13:13:45","slug":"pokemberes-orias-hullamcsuszda","status":"publish","type":"page","link":"https:\/\/legvartata.hu\/?page_id=282","title":{"rendered":"Majmos Cs\u00faszd\u00e1s Ugr\u00e1l\u00f3v\u00e1r"},"content":{"rendered":"\n<p>2024 \u00fajdons\u00e1ga ez a soksz\u00edn\u0171&nbsp;vid\u00e1m ugr\u00e1l\u00f3v\u00e1r.Majmokkal,\u00e9s az \u00e1llatkert sz\u00e1mos lak\u00f3j\u00e1val igyekszik elnyerni a kicsik j\u00f3kedv\u00e9t, bar\u00e1ts\u00e1g\u00e1t \u00e9s igyekszik bevonni \u0151ket az ugr\u00e1l\u00e1s,\u00e9s cs\u00faszd\u00e1z\u00e1s m\u00f3k\u00e1s \u00f6r\u00f6meibe.&nbsp;<\/p>\n\n\n\n<p>A tartalmas sz\u00f3rakoz\u00e1shoz,elk\u00fcl\u00f6n\u00edtett ugr\u00e1l\u00f3,\u00e9s k\u00fcl\u00f6n cs\u00faszda&nbsp;r\u00e9sz tartozik,valamint a t\u0171z\u0151 napsugarakat mindk\u00e9t r\u00e9szen ponyva tet\u0151 sz\u0171ri.<\/p>\n\n\n\n<p><strong>B\u00e9rleti d\u00edja: 30.000Ft\/nap Telephelyi \u00e1tv\u00e9tel est\u00e9n (Viszed-Hozod)<\/strong><\/p>\n\n\n\n<p><strong>Kisz\u00e1ll\u00edt\u00e1s \u00e9s telep\u00edt\u00e9s:<\/strong><\/p>\n\n\n\n<p><strong>Kisz\u00e1ll\u00edtjuk, telep\u00edtj\u00fck \u00e9s r\u00f6gz\u00edtj\u00fck, majd a program v\u00e9g\u00e9n \u00f6sszecsomagoljuk \u00e9s visszasz\u00e1ll\u00edtjuk.<br>10 000 Ft + 100 Ft\/km (Tat\u00e1r\u00f3l 2 x oda-vissza kell sz\u00e1molni).<\/strong><\/p>\n\n\n\n<p><strong>A lefoglalt l\u00e9gv\u00e1rak rossz id\u0151 eset\u00e9n lemondhat\u00f3ak.<\/strong><\/p>\n\n\n\n<p><strong>Az \u00e1rak csak csal\u00e1di rendezv\u00e9nyekre \u00e9s sz\u00fclet\u00e9snapi partikra \u00e9rv\u00e9nyesek. C\u00e9ges \u00e9s k\u00f6z\u00fcleti rendezv\u00e9nyekre ,falu napokra k\u00e9rje egyedi aj\u00e1nlatunkat.<\/strong><\/p>\n\n\n\n<p><strong>(Ir\u00e1ny\u00e1r nyilv\u00e1nos rendezv\u00e9nyre 45&nbsp;000ft Max. 6\u00f3ra id\u0151tartamra, sz\u00e1ll\u00edt\u00e1s \u00e9s fel\u00fcgyelet n\u00e9lk\u00fcl)<\/strong><\/p>\n\n\n\n<p><strong>Fel\u00fcgyel\u0151 szem\u00e9lyzet 2500ft\/\u00f3ra\/f\u0151<\/strong><\/p>\n\n\n\n<p><strong>Furgonnal ,ut\u00e1nfut\u00f3val sz\u00e1ll\u00edthat\u00f3.<\/strong><\/p>\n\n\n\n<p><strong>A lefoglalt l\u00e9gv\u00e1rak rossz id\u0151 eset\u00e9n lemondhat\u00f3ak.<\/strong><\/p>\n\n\n\n<ul class=\"wp-block-list\">\n<li><strong>M\u00e9retei:&nbsp;5x 4 x 4m (H x Sz x M)<\/strong><\/li>\n\n\n\n<li><strong>Csomag s\u00falya:&nbsp;90kg<\/strong><\/li>\n\n\n\n<li><strong>Anyaga:&nbsp;Ponyva<\/strong><\/li>\n\n\n\n<li><strong>F\u00e9r\u0151hely:&nbsp;Egyszerre 8&nbsp; gyermek haszn\u00e1lhatja<\/strong><\/li>\n\n\n\n<li><strong>L\u00e9gbef\u00fav\u00f3 motor:&nbsp;220v 1400W<\/strong><\/li>\n\n\n\n<li><strong>Aj\u00e1nlott koroszt\u00e1ly: 2-12 \u00e9ves korig<\/strong><\/li>\n\n\n\n<li><strong>S\u00falyhat\u00e1r 40 kg\/f\u0151<\/strong><\/li>\n<\/ul>\n\n\n\n<figure class=\"wp-block-image size-large\"><img loading=\"lazy\" decoding=\"async\" width=\"1024\" height=\"982\" src=\"https:\/\/legvartata.hu\/wp-content\/uploads\/2024\/08\/IMG_20240804_154004-1024x982.jpg\" alt=\"\" class=\"wp-image-296\" srcset=\"https:\/\/legvartata.hu\/wp-content\/uploads\/2024\/08\/IMG_20240804_154004-1024x982.jpg 1024w, https:\/\/legvartata.hu\/wp-content\/uploads\/2024\/08\/IMG_20240804_154004-300x288.jpg 300w, https:\/\/legvartata.hu\/wp-content\/uploads\/2024\/08\/IMG_20240804_154004-768x737.jpg 768w, https:\/\/legvartata.hu\/wp-content\/uploads\/2024\/08\/IMG_20240804_154004-1536x1474.jpg 1536w, https:\/\/legvartata.hu\/wp-content\/uploads\/2024\/08\/IMG_20240804_154004-2048x1965.jpg 2048w, https:\/\/legvartata.hu\/wp-content\/uploads\/2024\/08\/IMG_20240804_154004-63x60.jpg 63w\" sizes=\"auto, (max-width: 1024px) 100vw, 1024px\" \/><\/figure>\n\n\n\n<figure class=\"wp-block-image size-large\"><img loading=\"lazy\" decoding=\"async\" width=\"1024\" height=\"844\" src=\"https:\/\/legvartata.hu\/wp-content\/uploads\/2024\/08\/IMG_20240804_154011-1024x844.jpg\" alt=\"\" class=\"wp-image-297\" srcset=\"https:\/\/legvartata.hu\/wp-content\/uploads\/2024\/08\/IMG_20240804_154011-1024x844.jpg 1024w, https:\/\/legvartata.hu\/wp-content\/uploads\/2024\/08\/IMG_20240804_154011-300x247.jpg 300w, https:\/\/legvartata.hu\/wp-content\/uploads\/2024\/08\/IMG_20240804_154011-768x633.jpg 768w, https:\/\/legvartata.hu\/wp-content\/uploads\/2024\/08\/IMG_20240804_154011-1536x1266.jpg 1536w, https:\/\/legvartata.hu\/wp-content\/uploads\/2024\/08\/IMG_20240804_154011-2048x1688.jpg 2048w, https:\/\/legvartata.hu\/wp-content\/uploads\/2024\/08\/IMG_20240804_154011-73x60.jpg 73w\" sizes=\"auto, (max-width: 1024px) 100vw, 1024px\" \/><\/figure>\n\n\n\n<figure class=\"wp-block-image size-large\"><img loading=\"lazy\" decoding=\"async\" width=\"1024\" height=\"978\" src=\"https:\/\/legvartata.hu\/wp-content\/uploads\/2024\/08\/IMG_20240804_154014-1024x978.jpg\" alt=\"\" class=\"wp-image-298\" srcset=\"https:\/\/legvartata.hu\/wp-content\/uploads\/2024\/08\/IMG_20240804_154014-1024x978.jpg 1024w, https:\/\/legvartata.hu\/wp-content\/uploads\/2024\/08\/IMG_20240804_154014-300x287.jpg 300w, https:\/\/legvartata.hu\/wp-content\/uploads\/2024\/08\/IMG_20240804_154014-768x734.jpg 768w, https:\/\/legvartata.hu\/wp-content\/uploads\/2024\/08\/IMG_20240804_154014-1536x1467.jpg 1536w, https:\/\/legvartata.hu\/wp-content\/uploads\/2024\/08\/IMG_20240804_154014-2048x1956.jpg 2048w, https:\/\/legvartata.hu\/wp-content\/uploads\/2024\/08\/IMG_20240804_154014-63x60.jpg 63w\" sizes=\"auto, (max-width: 1024px) 100vw, 1024px\" \/><\/figure>\n\n\n\n<figure class=\"wp-block-image size-large\"><img loading=\"lazy\" decoding=\"async\" width=\"935\" height=\"1024\" src=\"https:\/\/legvartata.hu\/wp-content\/uploads\/2024\/08\/IMG_20240804_154057-935x1024.jpg\" alt=\"\" class=\"wp-image-299\" srcset=\"https:\/\/legvartata.hu\/wp-content\/uploads\/2024\/08\/IMG_20240804_154057-935x1024.jpg 935w, https:\/\/legvartata.hu\/wp-content\/uploads\/2024\/08\/IMG_20240804_154057-274x300.jpg 274w, https:\/\/legvartata.hu\/wp-content\/uploads\/2024\/08\/IMG_20240804_154057-768x841.jpg 768w, https:\/\/legvartata.hu\/wp-content\/uploads\/2024\/08\/IMG_20240804_154057-1402x1536.jpg 1402w, https:\/\/legvartata.hu\/wp-content\/uploads\/2024\/08\/IMG_20240804_154057-1869x2048.jpg 1869w, https:\/\/legvartata.hu\/wp-content\/uploads\/2024\/08\/IMG_20240804_154057-55x60.jpg 55w\" sizes=\"auto, (max-width: 935px) 100vw, 935px\" \/><\/figure>\n\n\n\n<figure class=\"wp-block-image size-large\"><img loading=\"lazy\" decoding=\"async\" width=\"1024\" height=\"768\" src=\"https:\/\/legvartata.hu\/wp-content\/uploads\/2024\/08\/IMG_20240804_154209-1024x768.jpg\" alt=\"\" class=\"wp-image-300\" srcset=\"https:\/\/legvartata.hu\/wp-content\/uploads\/2024\/08\/IMG_20240804_154209-1024x768.jpg 1024w, https:\/\/legvartata.hu\/wp-content\/uploads\/2024\/08\/IMG_20240804_154209-300x225.jpg 300w, https:\/\/legvartata.hu\/wp-content\/uploads\/2024\/08\/IMG_20240804_154209-768x576.jpg 768w, https:\/\/legvartata.hu\/wp-content\/uploads\/2024\/08\/IMG_20240804_154209-1536x1152.jpg 1536w, https:\/\/legvartata.hu\/wp-content\/uploads\/2024\/08\/IMG_20240804_154209-2048x1536.jpg 2048w, https:\/\/legvartata.hu\/wp-content\/uploads\/2024\/08\/IMG_20240804_154209-80x60.jpg 80w\" sizes=\"auto, (max-width: 1024px) 100vw, 1024px\" \/><\/figure>\n","protected":false},"excerpt":{"rendered":"<p>2024 \u00fajdons\u00e1ga ez a soksz\u00edn\u0171&nbsp;vid\u00e1m ugr\u00e1l\u00f3v\u00e1r.Majmokkal,\u00e9s az \u00e1llatkert sz\u00e1mos lak\u00f3j\u00e1val igyekszik elnyerni a kicsik j\u00f3kedv\u00e9t, bar\u00e1ts\u00e1g\u00e1t \u00e9s igyekszik bevonni \u0151ket az ugr\u00e1l\u00e1s,\u00e9s cs\u00faszd\u00e1z\u00e1s m\u00f3k\u00e1s \u00f6r\u00f6meibe.&nbsp; A tartalmas sz\u00f3rakoz\u00e1shoz,elk\u00fcl\u00f6n\u00edtett ugr\u00e1l\u00f3,\u00e9s k\u00fcl\u00f6n cs\u00faszda&nbsp;r\u00e9sz tartozik,valamint a t\u0171z\u0151 napsugarakat mindk\u00e9t r\u00e9szen ponyva tet\u0151 sz\u0171ri. B\u00e9rleti d\u00edja: 30.000Ft\/nap Telephelyi \u00e1tv\u00e9tel est\u00e9n (Viszed-Hozod) Kisz\u00e1ll\u00edt\u00e1s \u00e9s telep\u00edt\u00e9s: Kisz\u00e1ll\u00edtjuk, telep\u00edtj\u00fck \u00e9s r\u00f6gz\u00edtj\u00fck, majd &hellip; <\/p>\n","protected":false},"author":1,"featured_media":0,"parent":0,"menu_order":0,"comment_status":"closed","ping_status":"closed","template":"","meta":{"footnotes":""},"class_list":["post-282","page","type-page","status-publish","hentry"],"_links":{"self":[{"href":"https:\/\/legvartata.hu\/index.php?rest_route=\/wp\/v2\/pages\/282","targetHints":{"allow":["GET"]}}],"collection":[{"href":"https:\/\/legvartata.hu\/index.php?rest_route=\/wp\/v2\/pages"}],"about":[{"href":"https:\/\/legvartata.hu\/index.php?rest_route=\/wp\/v2\/types\/page"}],"author":[{"embeddable":true,"href":"https:\/\/legvartata.hu\/index.php?rest_route=\/wp\/v2\/users\/1"}],"replies":[{"embeddable":true,"href":"https:\/\/legvartata.hu\/index.php?rest_route=%2Fwp%2Fv2%2Fcomments&post=282"}],"version-history":[{"count":4,"href":"https:\/\/legvartata.hu\/index.php?rest_route=\/wp\/v2\/pages\/282\/revisions"}],"predecessor-version":[{"id":315,"href":"https:\/\/legvartata.hu\/index.php?rest_route=\/wp\/v2\/pages\/282\/revisions\/315"}],"wp:attachment":[{"href":"https:\/\/legvartata.hu\/index.php?rest_route=%2Fwp%2Fv2%2Fmedia&parent=282"}],"curies":[{"name":"wp","href":"https:\/\/api.w.org\/{rel}","templated":true}]}}