{"id":44,"date":"2022-07-08T07:29:18","date_gmt":"2022-07-08T07:29:18","guid":{"rendered":"https:\/\/legvartata.hu\/?page_id=44"},"modified":"2025-03-25T13:12:00","modified_gmt":"2025-03-25T13:12:00","slug":"madagaszkar-legvar","status":"publish","type":"page","link":"https:\/\/legvartata.hu\/?page_id=44","title":{"rendered":"Madagaszk\u00e1r l\u00e9gv\u00e1r"},"content":{"rendered":"\n<p><strong>Egy nagy cs\u00faszda, \u00e9s el\u0151tte n\u00e9h\u00e1ny \u00e9lm\u00e9ny elem a Madagaszk\u00e1r mese kedves figur\u00e1ival d\u00edsz\u00edtett vadonat\u00faj ugr\u00e1l\u00f3ban.<\/strong><\/p>\n\n\n\n<p><strong>B\u00e9rleti d\u00edja: 40.000Ft\/nap Telephelyi \u00e1tv\u00e9tel est\u00e9n (Viszed-Hozod)<\/strong><\/p>\n\n\n\n<p><strong>Kisz\u00e1ll\u00edt\u00e1s \u00e9s telep\u00edt\u00e9s:<\/strong><\/p>\n\n\n\n<p><strong>Kisz\u00e1ll\u00edtjuk, telep\u00edtj\u00fck \u00e9s r\u00f6gz\u00edtj\u00fck, majd a program v\u00e9g\u00e9n \u00f6sszecsomagoljuk \u00e9s visszasz\u00e1ll\u00edtjuk.<br>10 000 Ft + 100 Ft\/km (Tat\u00e1r\u00f3l 2 x oda-vissza kell sz\u00e1molni).<\/strong><\/p>\n\n\n\n<p><strong>A lefoglalt l\u00e9gv\u00e1rak rossz id\u0151 eset\u00e9n lemondhat\u00f3ak.<\/strong><\/p>\n\n\n\n<p><strong>Az \u00e1rak csak csal\u00e1di rendezv\u00e9nyekre \u00e9s sz\u00fclet\u00e9snapi partikra \u00e9rv\u00e9nyesek. C\u00e9ges \u00e9s k\u00f6z\u00fcleti rendezv\u00e9nyekre ,falu napokra k\u00e9rje egyedi aj\u00e1nlatunkat.<\/strong><\/p>\n\n\n\n<p>(Ir\u00e1ny\u00e1r nyilv\u00e1nos rendezv\u00e9nyre 60&nbsp;000ft Max. 6\u00f3ra id\u0151tartamra, sz\u00e1ll\u00edt\u00e1s \u00e9s fel\u00fcgyelet n\u00e9lk\u00fcl)<\/p>\n\n\n\n<p>Fel\u00fcgyel\u0151 szem\u00e9lyzet 2500ft\/\u00f3ra\/f\u0151<\/p>\n\n\n\n<p>Nagyobb kombi aut\u00f3val vagy ut\u00e1nfut\u00f3val sz\u00e1ll\u00edthat\u00f3.<\/p>\n\n\n\n<ul class=\"wp-block-list\">\n<li><strong>M\u00e9retei:<\/strong>\u00a04 x 8m (H x Sz)<\/li>\n\n\n\n<li><strong>Csomag s\u00falya:<\/strong>\u00a0130kg<\/li>\n\n\n\n<li><strong>Anyaga:<\/strong>\u00a0Ponyva<\/li>\n\n\n\n<li><strong>Bef\u00fav\u00f3 motor 220v 1500w<\/strong><\/li>\n\n\n\n<li><strong>F\u00e9r\u0151hely 8-10 f\u0151<\/strong><\/li>\n\n\n\n<li><strong>S\u00falyhat\u00e1r max 50kg<\/strong><\/li>\n<\/ul>\n\n\n\n<figure class=\"wp-block-image size-large\"><img loading=\"lazy\" decoding=\"async\" width=\"1024\" height=\"866\" src=\"https:\/\/legvartata.hu\/wp-content\/uploads\/2023\/04\/PXL_20220618_083742742-1024x866.jpg\" alt=\"\" class=\"wp-image-182\" srcset=\"https:\/\/legvartata.hu\/wp-content\/uploads\/2023\/04\/PXL_20220618_083742742-1024x866.jpg 1024w, https:\/\/legvartata.hu\/wp-content\/uploads\/2023\/04\/PXL_20220618_083742742-300x254.jpg 300w, https:\/\/legvartata.hu\/wp-content\/uploads\/2023\/04\/PXL_20220618_083742742-768x650.jpg 768w, https:\/\/legvartata.hu\/wp-content\/uploads\/2023\/04\/PXL_20220618_083742742-1536x1299.jpg 1536w, https:\/\/legvartata.hu\/wp-content\/uploads\/2023\/04\/PXL_20220618_083742742-2048x1732.jpg 2048w, https:\/\/legvartata.hu\/wp-content\/uploads\/2023\/04\/PXL_20220618_083742742-71x60.jpg 71w\" sizes=\"auto, (max-width: 1024px) 100vw, 1024px\" \/><\/figure>\n\n\n\n<figure class=\"wp-block-image size-large\"><img loading=\"lazy\" decoding=\"async\" width=\"939\" height=\"1024\" src=\"https:\/\/legvartata.hu\/wp-content\/uploads\/2023\/04\/PXL_20220618_083749338-939x1024.jpg\" alt=\"\" class=\"wp-image-183\" srcset=\"https:\/\/legvartata.hu\/wp-content\/uploads\/2023\/04\/PXL_20220618_083749338-939x1024.jpg 939w, https:\/\/legvartata.hu\/wp-content\/uploads\/2023\/04\/PXL_20220618_083749338-275x300.jpg 275w, https:\/\/legvartata.hu\/wp-content\/uploads\/2023\/04\/PXL_20220618_083749338-768x837.jpg 768w, https:\/\/legvartata.hu\/wp-content\/uploads\/2023\/04\/PXL_20220618_083749338-1409x1536.jpg 1409w, https:\/\/legvartata.hu\/wp-content\/uploads\/2023\/04\/PXL_20220618_083749338-1878x2048.jpg 1878w, https:\/\/legvartata.hu\/wp-content\/uploads\/2023\/04\/PXL_20220618_083749338-55x60.jpg 55w\" sizes=\"auto, (max-width: 939px) 100vw, 939px\" \/><\/figure>\n\n\n\n<figure class=\"wp-block-image size-large\"><img loading=\"lazy\" decoding=\"async\" width=\"932\" height=\"1024\" src=\"https:\/\/legvartata.hu\/wp-content\/uploads\/2023\/04\/PXL_20220618_083755145-932x1024.jpg\" alt=\"\" class=\"wp-image-181\" srcset=\"https:\/\/legvartata.hu\/wp-content\/uploads\/2023\/04\/PXL_20220618_083755145-932x1024.jpg 932w, https:\/\/legvartata.hu\/wp-content\/uploads\/2023\/04\/PXL_20220618_083755145-273x300.jpg 273w, https:\/\/legvartata.hu\/wp-content\/uploads\/2023\/04\/PXL_20220618_083755145-768x844.jpg 768w, https:\/\/legvartata.hu\/wp-content\/uploads\/2023\/04\/PXL_20220618_083755145-1398x1536.jpg 1398w, https:\/\/legvartata.hu\/wp-content\/uploads\/2023\/04\/PXL_20220618_083755145-1864x2048.jpg 1864w, https:\/\/legvartata.hu\/wp-content\/uploads\/2023\/04\/PXL_20220618_083755145-55x60.jpg 55w\" sizes=\"auto, (max-width: 932px) 100vw, 932px\" \/><\/figure>\n","protected":false},"excerpt":{"rendered":"<p>Egy nagy cs\u00faszda, \u00e9s el\u0151tte n\u00e9h\u00e1ny \u00e9lm\u00e9ny elem a Madagaszk\u00e1r mese kedves figur\u00e1ival d\u00edsz\u00edtett vadonat\u00faj ugr\u00e1l\u00f3ban. B\u00e9rleti d\u00edja: 40.000Ft\/nap Telephelyi \u00e1tv\u00e9tel est\u00e9n (Viszed-Hozod) Kisz\u00e1ll\u00edt\u00e1s \u00e9s telep\u00edt\u00e9s: Kisz\u00e1ll\u00edtjuk, telep\u00edtj\u00fck \u00e9s r\u00f6gz\u00edtj\u00fck, majd a program v\u00e9g\u00e9n \u00f6sszecsomagoljuk \u00e9s visszasz\u00e1ll\u00edtjuk.10 000 Ft + 100 Ft\/km (Tat\u00e1r\u00f3l 2 x oda-vissza kell sz\u00e1molni). A lefoglalt l\u00e9gv\u00e1rak rossz id\u0151 eset\u00e9n lemondhat\u00f3ak. &hellip; <\/p>\n","protected":false},"author":1,"featured_media":0,"parent":0,"menu_order":0,"comment_status":"closed","ping_status":"closed","template":"","meta":{"footnotes":""},"class_list":["post-44","page","type-page","status-publish","hentry"],"_links":{"self":[{"href":"https:\/\/legvartata.hu\/index.php?rest_route=\/wp\/v2\/pages\/44","targetHints":{"allow":["GET"]}}],"collection":[{"href":"https:\/\/legvartata.hu\/index.php?rest_route=\/wp\/v2\/pages"}],"about":[{"href":"https:\/\/legvartata.hu\/index.php?rest_route=\/wp\/v2\/types\/page"}],"author":[{"embeddable":true,"href":"https:\/\/legvartata.hu\/index.php?rest_route=\/wp\/v2\/users\/1"}],"replies":[{"embeddable":true,"href":"https:\/\/legvartata.hu\/index.php?rest_route=%2Fwp%2Fv2%2Fcomments&post=44"}],"version-history":[{"count":8,"href":"https:\/\/legvartata.hu\/index.php?rest_route=\/wp\/v2\/pages\/44\/revisions"}],"predecessor-version":[{"id":306,"href":"https:\/\/legvartata.hu\/index.php?rest_route=\/wp\/v2\/pages\/44\/revisions\/306"}],"wp:attachment":[{"href":"https:\/\/legvartata.hu\/index.php?rest_route=%2Fwp%2Fv2%2Fmedia&parent=44"}],"curies":[{"name":"wp","href":"https:\/\/api.w.org\/{rel}","templated":true}]}}