{"id":61,"date":"2022-07-08T08:54:05","date_gmt":"2022-07-08T08:54:05","guid":{"rendered":"https:\/\/legvartata.hu\/?page_id=61"},"modified":"2025-03-25T13:12:27","modified_gmt":"2025-03-25T13:12:27","slug":"spongyabob-ugralo","status":"publish","type":"page","link":"https:\/\/legvartata.hu\/?page_id=61","title":{"rendered":"Spongyabob ugr\u00e1l\u00f3"},"content":{"rendered":"\n<p>,<\/p>\n\n\n\n<p><strong>Spongyabob \u00e9s bar\u00e1tai v\u00e1rj\u00e1k a kisebb koroszt\u00e1ly tagjait egy remek kis m\u00f3k\u00e1ra, ebben a nagy ugr\u00e1l\u00f3 fel\u00fclet\u0171 \u00e9s egy kisebb cs\u00faszd\u00e1val felszerelt sz\u00ednes v\u00e1rban.<\/strong><\/p>\n\n\n\n<p><strong>B\u00e9rleti d\u00edja: 30.000Ft\/nap Telephelyi \u00e1tv\u00e9tel est\u00e9n (Viszed-Hozod)<\/strong><\/p>\n\n\n\n<p><strong>Kisz\u00e1ll\u00edt\u00e1s \u00e9s telep\u00edt\u00e9s:<\/strong><\/p>\n\n\n\n<p><strong>Kisz\u00e1ll\u00edtjuk, telep\u00edtj\u00fck \u00e9s r\u00f6gz\u00edtj\u00fck, majd a program v\u00e9g\u00e9n \u00f6sszecsomagoljuk \u00e9s visszasz\u00e1ll\u00edtjuk.<br>10 000 Ft + 100 Ft\/km (Tat\u00e1r\u00f3l 2 x oda-vissza kell sz\u00e1molni).<\/strong><\/p>\n\n\n\n<p><strong>A lefoglalt l\u00e9gv\u00e1rak rossz id\u0151 eset\u00e9n lemondhat\u00f3ak.<\/strong><\/p>\n\n\n\n<p><strong>Az \u00e1rak csak csal\u00e1di rendezv\u00e9nyekre \u00e9s sz\u00fclet\u00e9snapi partikra \u00e9rv\u00e9nyesek. C\u00e9ges \u00e9s k\u00f6z\u00fcleti rendezv\u00e9nyekre ,falu napokra k\u00e9rje egyedi aj\u00e1nlatunkat.<\/strong><\/p>\n\n\n\n<p>(Ir\u00e1ny\u00e1r nyilv\u00e1nos rendezv\u00e9nyre 45&nbsp;000ft Max. 6\u00f3ra id\u0151tartamra, sz\u00e1ll\u00edt\u00e1s \u00e9s fel\u00fcgyelet n\u00e9lk\u00fcl)<\/p>\n\n\n\n<p>Fel\u00fcgyel\u0151 szem\u00e9lyzet 2500ft\/\u00f3ra\/f\u0151<\/p>\n\n\n\n<p>Nagyobb kombi aut\u00f3val vagy ut\u00e1nfut\u00f3val sz\u00e1ll\u00edthat\u00f3.<\/p>\n\n\n\n<p><strong>A lefoglalt l\u00e9gv\u00e1rak rossz id\u0151 eset\u00e9n lemondhat\u00f3ak.<\/strong><\/p>\n\n\n\n<ul class=\"wp-block-list\">\n<li><strong>M\u00e9retei:<\/strong>\u00a05 x 5m (H x Sz)<\/li>\n\n\n\n<li><strong>Csomag s\u00falya:<\/strong>\u00a085kg<\/li>\n\n\n\n<li><strong>Anyaga:<\/strong>\u00a0Ponyva<\/li>\n\n\n\n<li><strong>F\u00e9r\u0151hely:<\/strong>\u00a0Egyszerre 8-10 gyermek haszn\u00e1lhatja<\/li>\n\n\n\n<li><strong>Bef\u00fav\u00f3 motor 220v 1100w<\/strong><\/li>\n\n\n\n<li><strong>S\u00falyhat\u00e1r max 40kg<\/strong><\/li>\n<\/ul>\n\n\n\n<figure class=\"wp-block-image size-large\"><img loading=\"lazy\" decoding=\"async\" width=\"1024\" height=\"901\" src=\"https:\/\/legvartata.hu\/wp-content\/uploads\/2023\/04\/PXL_20220618_083815331-1024x901.jpg\" alt=\"\" class=\"wp-image-193\" srcset=\"https:\/\/legvartata.hu\/wp-content\/uploads\/2023\/04\/PXL_20220618_083815331-1024x901.jpg 1024w, https:\/\/legvartata.hu\/wp-content\/uploads\/2023\/04\/PXL_20220618_083815331-300x264.jpg 300w, https:\/\/legvartata.hu\/wp-content\/uploads\/2023\/04\/PXL_20220618_083815331-768x676.jpg 768w, https:\/\/legvartata.hu\/wp-content\/uploads\/2023\/04\/PXL_20220618_083815331-1536x1352.jpg 1536w, https:\/\/legvartata.hu\/wp-content\/uploads\/2023\/04\/PXL_20220618_083815331-2048x1802.jpg 2048w, https:\/\/legvartata.hu\/wp-content\/uploads\/2023\/04\/PXL_20220618_083815331-68x60.jpg 68w\" sizes=\"auto, (max-width: 1024px) 100vw, 1024px\" \/><\/figure>\n\n\n\n<figure class=\"wp-block-image size-large\"><img loading=\"lazy\" decoding=\"async\" width=\"855\" height=\"1024\" src=\"https:\/\/legvartata.hu\/wp-content\/uploads\/2023\/04\/PXL_20220618_083824470-855x1024.jpg\" alt=\"\" class=\"wp-image-191\" srcset=\"https:\/\/legvartata.hu\/wp-content\/uploads\/2023\/04\/PXL_20220618_083824470-855x1024.jpg 855w, https:\/\/legvartata.hu\/wp-content\/uploads\/2023\/04\/PXL_20220618_083824470-251x300.jpg 251w, https:\/\/legvartata.hu\/wp-content\/uploads\/2023\/04\/PXL_20220618_083824470-768x919.jpg 768w, https:\/\/legvartata.hu\/wp-content\/uploads\/2023\/04\/PXL_20220618_083824470-1283x1536.jpg 1283w, https:\/\/legvartata.hu\/wp-content\/uploads\/2023\/04\/PXL_20220618_083824470-1711x2048.jpg 1711w, https:\/\/legvartata.hu\/wp-content\/uploads\/2023\/04\/PXL_20220618_083824470-50x60.jpg 50w\" sizes=\"auto, (max-width: 855px) 100vw, 855px\" \/><\/figure>\n\n\n\n<figure class=\"wp-block-image size-large\"><img loading=\"lazy\" decoding=\"async\" width=\"772\" height=\"1024\" src=\"https:\/\/legvartata.hu\/wp-content\/uploads\/2023\/04\/PXL_20220618_083842620-772x1024.jpg\" alt=\"\" class=\"wp-image-196\" srcset=\"https:\/\/legvartata.hu\/wp-content\/uploads\/2023\/04\/PXL_20220618_083842620-772x1024.jpg 772w, https:\/\/legvartata.hu\/wp-content\/uploads\/2023\/04\/PXL_20220618_083842620-226x300.jpg 226w, https:\/\/legvartata.hu\/wp-content\/uploads\/2023\/04\/PXL_20220618_083842620-768x1019.jpg 768w, https:\/\/legvartata.hu\/wp-content\/uploads\/2023\/04\/PXL_20220618_083842620-1158x1536.jpg 1158w, https:\/\/legvartata.hu\/wp-content\/uploads\/2023\/04\/PXL_20220618_083842620-1544x2048.jpg 1544w, https:\/\/legvartata.hu\/wp-content\/uploads\/2023\/04\/PXL_20220618_083842620-45x60.jpg 45w, https:\/\/legvartata.hu\/wp-content\/uploads\/2023\/04\/PXL_20220618_083842620-scaled.jpg 1930w\" sizes=\"auto, (max-width: 772px) 100vw, 772px\" \/><\/figure>\n\n\n\n<figure class=\"wp-block-image size-large\"><img loading=\"lazy\" decoding=\"async\" width=\"778\" height=\"1024\" src=\"https:\/\/legvartata.hu\/wp-content\/uploads\/2023\/04\/PXL_20220618_083905491-778x1024.jpg\" alt=\"\" class=\"wp-image-195\" srcset=\"https:\/\/legvartata.hu\/wp-content\/uploads\/2023\/04\/PXL_20220618_083905491-778x1024.jpg 778w, https:\/\/legvartata.hu\/wp-content\/uploads\/2023\/04\/PXL_20220618_083905491-228x300.jpg 228w, https:\/\/legvartata.hu\/wp-content\/uploads\/2023\/04\/PXL_20220618_083905491-768x1011.jpg 768w, https:\/\/legvartata.hu\/wp-content\/uploads\/2023\/04\/PXL_20220618_083905491-1167x1536.jpg 1167w, https:\/\/legvartata.hu\/wp-content\/uploads\/2023\/04\/PXL_20220618_083905491-1555x2048.jpg 1555w, https:\/\/legvartata.hu\/wp-content\/uploads\/2023\/04\/PXL_20220618_083905491-46x60.jpg 46w, https:\/\/legvartata.hu\/wp-content\/uploads\/2023\/04\/PXL_20220618_083905491-scaled.jpg 1944w\" sizes=\"auto, (max-width: 778px) 100vw, 778px\" \/><\/figure>\n\n\n\n<figure class=\"wp-block-image size-large\"><img loading=\"lazy\" decoding=\"async\" width=\"803\" height=\"1024\" src=\"https:\/\/legvartata.hu\/wp-content\/uploads\/2023\/04\/PXL_20220618_083912885-803x1024.jpg\" alt=\"\" class=\"wp-image-194\" srcset=\"https:\/\/legvartata.hu\/wp-content\/uploads\/2023\/04\/PXL_20220618_083912885-803x1024.jpg 803w, https:\/\/legvartata.hu\/wp-content\/uploads\/2023\/04\/PXL_20220618_083912885-235x300.jpg 235w, https:\/\/legvartata.hu\/wp-content\/uploads\/2023\/04\/PXL_20220618_083912885-768x980.jpg 768w, https:\/\/legvartata.hu\/wp-content\/uploads\/2023\/04\/PXL_20220618_083912885-1204x1536.jpg 1204w, https:\/\/legvartata.hu\/wp-content\/uploads\/2023\/04\/PXL_20220618_083912885-1605x2048.jpg 1605w, https:\/\/legvartata.hu\/wp-content\/uploads\/2023\/04\/PXL_20220618_083912885-47x60.jpg 47w, https:\/\/legvartata.hu\/wp-content\/uploads\/2023\/04\/PXL_20220618_083912885-scaled.jpg 2007w\" sizes=\"auto, (max-width: 803px) 100vw, 803px\" \/><\/figure>\n","protected":false},"excerpt":{"rendered":"<p>, Spongyabob \u00e9s bar\u00e1tai v\u00e1rj\u00e1k a kisebb koroszt\u00e1ly tagjait egy remek kis m\u00f3k\u00e1ra, ebben a nagy ugr\u00e1l\u00f3 fel\u00fclet\u0171 \u00e9s egy kisebb cs\u00faszd\u00e1val felszerelt sz\u00ednes v\u00e1rban. B\u00e9rleti d\u00edja: 30.000Ft\/nap Telephelyi \u00e1tv\u00e9tel est\u00e9n (Viszed-Hozod) Kisz\u00e1ll\u00edt\u00e1s \u00e9s telep\u00edt\u00e9s: Kisz\u00e1ll\u00edtjuk, telep\u00edtj\u00fck \u00e9s r\u00f6gz\u00edtj\u00fck, majd a program v\u00e9g\u00e9n \u00f6sszecsomagoljuk \u00e9s visszasz\u00e1ll\u00edtjuk.10 000 Ft + 100 Ft\/km (Tat\u00e1r\u00f3l 2 x oda-vissza &hellip; <\/p>\n","protected":false},"author":1,"featured_media":0,"parent":0,"menu_order":0,"comment_status":"closed","ping_status":"closed","template":"","meta":{"footnotes":""},"class_list":["post-61","page","type-page","status-publish","hentry"],"_links":{"self":[{"href":"https:\/\/legvartata.hu\/index.php?rest_route=\/wp\/v2\/pages\/61","targetHints":{"allow":["GET"]}}],"collection":[{"href":"https:\/\/legvartata.hu\/index.php?rest_route=\/wp\/v2\/pages"}],"about":[{"href":"https:\/\/legvartata.hu\/index.php?rest_route=\/wp\/v2\/types\/page"}],"author":[{"embeddable":true,"href":"https:\/\/legvartata.hu\/index.php?rest_route=\/wp\/v2\/users\/1"}],"replies":[{"embeddable":true,"href":"https:\/\/legvartata.hu\/index.php?rest_route=%2Fwp%2Fv2%2Fcomments&post=61"}],"version-history":[{"count":3,"href":"https:\/\/legvartata.hu\/index.php?rest_route=\/wp\/v2\/pages\/61\/revisions"}],"predecessor-version":[{"id":308,"href":"https:\/\/legvartata.hu\/index.php?rest_route=\/wp\/v2\/pages\/61\/revisions\/308"}],"wp:attachment":[{"href":"https:\/\/legvartata.hu\/index.php?rest_route=%2Fwp%2Fv2%2Fmedia&parent=61"}],"curies":[{"name":"wp","href":"https:\/\/api.w.org\/{rel}","templated":true}]}}